{"id":9995,"date":"2026-04-28T08:13:22","date_gmt":"2026-04-28T05:13:22","guid":{"rendered":"https:\/\/ozince.com\/magaza\/kategorilenmemis\/mhr-19588-camurluk-corsa-d-07-15-on-sol-delikli-simyi\/"},"modified":"2026-04-28T08:13:22","modified_gmt":"2026-04-28T05:13:22","slug":"mhr-19588-camurluk-corsa-d-07-15-on-sol-delikli-simyi","status":"publish","type":"product","link":"https:\/\/ozince.com\/magaza\/karoseri-ve-kaporta-urunleri\/mhr-19588-camurluk-corsa-d-07-15-on-sol-delikli-simyi\/","title":{"rendered":"MHR-19588 \u00c7AMURLUK CORSA D 07-15 \u00d6N SOL DEL\u0130KL\u0130 (SIMYI)"},"content":{"rendered":"","protected":false},"excerpt":{"rendered":"","protected":false},"featured_media":0,"template":"","meta":[],"product_brand":[288],"product_cat":[351],"product_tag":[378],"class_list":{"0":"post-9995","1":"product","2":"type-product","3":"status-publish","5":"arac_markasi_modeli-corsa-d","6":"arac_markasi_modeli-opel","7":"product_brand-maher","8":"product_cat-karoseri-ve-kaporta-urunleri","9":"product_tag-altay","11":"first","12":"outofstock","13":"taxable","14":"shipping-taxable","15":"purchasable","16":"product-type-simple"},"jetpack_sharing_enabled":true,"_links":{"self":[{"href":"https:\/\/ozince.com\/magaza\/wp-json\/wp\/v2\/product\/9995","targetHints":{"allow":["GET"]}}],"collection":[{"href":"https:\/\/ozince.com\/magaza\/wp-json\/wp\/v2\/product"}],"about":[{"href":"https:\/\/ozince.com\/magaza\/wp-json\/wp\/v2\/types\/product"}],"wp:attachment":[{"href":"https:\/\/ozince.com\/magaza\/wp-json\/wp\/v2\/media?parent=9995"}],"wp:term":[{"taxonomy":"product_brand","embeddable":true,"href":"https:\/\/ozince.com\/magaza\/wp-json\/wp\/v2\/product_brand?post=9995"},{"taxonomy":"product_cat","embeddable":true,"href":"https:\/\/ozince.com\/magaza\/wp-json\/wp\/v2\/product_cat?post=9995"},{"taxonomy":"product_tag","embeddable":true,"href":"https:\/\/ozince.com\/magaza\/wp-json\/wp\/v2\/product_tag?post=9995"}],"curies":[{"name":"wp","href":"https:\/\/api.w.org\/{rel}","templated":true}]}}