{"id":9985,"date":"2025-10-14T14:11:28","date_gmt":"2025-10-14T11:11:28","guid":{"rendered":"https:\/\/ozince.com\/magaza\/kategorilenmemis\/ytt-1408-aks-korugu-takim-dis-astra-g-f-corsa-a-b\/"},"modified":"2025-11-25T17:33:53","modified_gmt":"2025-11-25T14:33:53","slug":"ytt-1408-aks-korugu-takim-dis-astra-g-f-corsa-a-b","status":"publish","type":"product","link":"https:\/\/ozince.com\/magaza\/aks-urunleri\/ytt-1408-aks-korugu-takim-dis-astra-g-f-corsa-a-b\/","title":{"rendered":"YTT-1408 AKS K\u00d6R\u00dc\u011e\u00dc TAKIM DI\u015e ASTRA G-F \/ CORSA A -B"},"content":{"rendered":"","protected":false},"excerpt":{"rendered":"","protected":false},"featured_media":13428,"template":"","meta":[],"product_brand":[413],"product_cat":[379],"product_tag":[378],"class_list":{"0":"post-9985","1":"product","2":"type-product","3":"status-publish","4":"has-post-thumbnail","6":"arac_markasi_modeli-astra-g","7":"arac_markasi_modeli-corsa-a","8":"arac_markasi_modeli-opel","9":"product_brand-ytt","10":"product_cat-aks-urunleri","11":"product_tag-altay","13":"first","14":"instock","15":"taxable","16":"shipping-taxable","17":"purchasable","18":"product-type-simple"},"jetpack_sharing_enabled":true,"_links":{"self":[{"href":"https:\/\/ozince.com\/magaza\/wp-json\/wp\/v2\/product\/9985","targetHints":{"allow":["GET"]}}],"collection":[{"href":"https:\/\/ozince.com\/magaza\/wp-json\/wp\/v2\/product"}],"about":[{"href":"https:\/\/ozince.com\/magaza\/wp-json\/wp\/v2\/types\/product"}],"wp:featuredmedia":[{"embeddable":true,"href":"https:\/\/ozince.com\/magaza\/wp-json\/wp\/v2\/media\/13428"}],"wp:attachment":[{"href":"https:\/\/ozince.com\/magaza\/wp-json\/wp\/v2\/media?parent=9985"}],"wp:term":[{"taxonomy":"product_brand","embeddable":true,"href":"https:\/\/ozince.com\/magaza\/wp-json\/wp\/v2\/product_brand?post=9985"},{"taxonomy":"product_cat","embeddable":true,"href":"https:\/\/ozince.com\/magaza\/wp-json\/wp\/v2\/product_cat?post=9985"},{"taxonomy":"product_tag","embeddable":true,"href":"https:\/\/ozince.com\/magaza\/wp-json\/wp\/v2\/product_tag?post=9985"}],"curies":[{"name":"wp","href":"https:\/\/api.w.org\/{rel}","templated":true}]}}