{"id":9972,"date":"2026-04-10T08:12:46","date_gmt":"2026-04-10T05:12:46","guid":{"rendered":"https:\/\/ozince.com\/magaza\/kategorilenmemis\/elr-803-050-civata-silindir-kapak-saplama-astra-g-astra-h-corsa-c-meriva-x17td-z17dth-takim\/"},"modified":"2026-04-10T08:12:46","modified_gmt":"2026-04-10T05:12:46","slug":"elr-803-050-civata-silindir-kapak-saplama-astra-g-astra-h-corsa-c-meriva-x17td-z17dth-takim","status":"publish","type":"product","link":"https:\/\/ozince.com\/magaza\/motor-mekanik-urunleri\/elr-803-050-civata-silindir-kapak-saplama-astra-g-astra-h-corsa-c-meriva-x17td-z17dth-takim\/","title":{"rendered":"ELR-803.050 C\u0130VATA S\u0130L\u0130ND\u0130R KAPAK SAPLAMA ASTRA G \/ ASTRA H \/ CORSA C \/ MER\u0130VA X17TD-Z17DTH TAKIM"},"content":{"rendered":"","protected":false},"excerpt":{"rendered":"","protected":false},"featured_media":12895,"template":"","meta":[],"product_brand":[421],"product_cat":[298],"product_tag":[378],"class_list":{"0":"post-9972","1":"product","2":"type-product","3":"status-publish","4":"has-post-thumbnail","6":"arac_markasi_modeli-astra-g","7":"arac_markasi_modeli-astra-h","8":"arac_markasi_modeli-corsa-c","9":"arac_markasi_modeli-meriva","10":"arac_markasi_modeli-opel","11":"product_brand-elring","12":"product_cat-motor-mekanik-urunleri","13":"product_tag-altay","15":"first","16":"outofstock","17":"taxable","18":"shipping-taxable","19":"purchasable","20":"product-type-simple"},"jetpack_sharing_enabled":true,"_links":{"self":[{"href":"https:\/\/ozince.com\/magaza\/wp-json\/wp\/v2\/product\/9972","targetHints":{"allow":["GET"]}}],"collection":[{"href":"https:\/\/ozince.com\/magaza\/wp-json\/wp\/v2\/product"}],"about":[{"href":"https:\/\/ozince.com\/magaza\/wp-json\/wp\/v2\/types\/product"}],"wp:featuredmedia":[{"embeddable":true,"href":"https:\/\/ozince.com\/magaza\/wp-json\/wp\/v2\/media\/12895"}],"wp:attachment":[{"href":"https:\/\/ozince.com\/magaza\/wp-json\/wp\/v2\/media?parent=9972"}],"wp:term":[{"taxonomy":"product_brand","embeddable":true,"href":"https:\/\/ozince.com\/magaza\/wp-json\/wp\/v2\/product_brand?post=9972"},{"taxonomy":"product_cat","embeddable":true,"href":"https:\/\/ozince.com\/magaza\/wp-json\/wp\/v2\/product_cat?post=9972"},{"taxonomy":"product_tag","embeddable":true,"href":"https:\/\/ozince.com\/magaza\/wp-json\/wp\/v2\/product_tag?post=9972"}],"curies":[{"name":"wp","href":"https:\/\/api.w.org\/{rel}","templated":true}]}}