{"id":9969,"date":"2026-04-06T08:22:07","date_gmt":"2026-04-06T05:22:07","guid":{"rendered":"https:\/\/ozince.com\/magaza\/kategorilenmemis\/tyv-vm166ehl-ayna-dis-dikiz-vectra-b-95-02-elektrikli-isitmali-astarli-5-fisli-sol\/"},"modified":"2026-04-06T08:22:08","modified_gmt":"2026-04-06T05:22:08","slug":"tyv-vm166ehl-ayna-dis-dikiz-vectra-b-95-02-elektrikli-isitmali-astarli-5-fisli-sol","status":"publish","type":"product","link":"https:\/\/ozince.com\/magaza\/aksesuar-urunleri\/tyv-vm166ehl-ayna-dis-dikiz-vectra-b-95-02-elektrikli-isitmali-astarli-5-fisli-sol\/","title":{"rendered":"TYV-VM166EHL AYNA DI\u015e D\u0130K\u0130Z VECTRA B  95-02 ELEKTR\u0130KL\u0130 ISITMALI ASTARLI 5 F\u0130\u015eL\u0130 SOL"},"content":{"rendered":"","protected":false},"excerpt":{"rendered":"","protected":false},"featured_media":0,"template":"","meta":[],"product_brand":[431],"product_cat":[401],"product_tag":[378],"class_list":{"0":"post-9969","1":"product","2":"type-product","3":"status-publish","5":"arac_markasi_modeli-opel","6":"arac_markasi_modeli-vectra-b","7":"product_brand-viewmax","8":"product_cat-aksesuar-urunleri","9":"product_tag-altay","11":"first","12":"instock","13":"taxable","14":"shipping-taxable","15":"purchasable","16":"product-type-simple"},"jetpack_sharing_enabled":true,"_links":{"self":[{"href":"https:\/\/ozince.com\/magaza\/wp-json\/wp\/v2\/product\/9969","targetHints":{"allow":["GET"]}}],"collection":[{"href":"https:\/\/ozince.com\/magaza\/wp-json\/wp\/v2\/product"}],"about":[{"href":"https:\/\/ozince.com\/magaza\/wp-json\/wp\/v2\/types\/product"}],"wp:attachment":[{"href":"https:\/\/ozince.com\/magaza\/wp-json\/wp\/v2\/media?parent=9969"}],"wp:term":[{"taxonomy":"product_brand","embeddable":true,"href":"https:\/\/ozince.com\/magaza\/wp-json\/wp\/v2\/product_brand?post=9969"},{"taxonomy":"product_cat","embeddable":true,"href":"https:\/\/ozince.com\/magaza\/wp-json\/wp\/v2\/product_cat?post=9969"},{"taxonomy":"product_tag","embeddable":true,"href":"https:\/\/ozince.com\/magaza\/wp-json\/wp\/v2\/product_tag?post=9969"}],"curies":[{"name":"wp","href":"https:\/\/api.w.org\/{rel}","templated":true}]}}