{"id":9947,"date":"2026-05-03T08:19:22","date_gmt":"2026-05-03T05:19:22","guid":{"rendered":"https:\/\/ozince.com\/magaza\/kategorilenmemis\/del-ts10271-hararet-musuru-astra-g-corsa-c-vectra-b\/"},"modified":"2026-05-03T08:19:23","modified_gmt":"2026-05-03T05:19:23","slug":"del-ts10271-hararet-musuru-astra-g-corsa-c-vectra-b","status":"publish","type":"product","link":"https:\/\/ozince.com\/magaza\/sensor-ve-elektrik-urunleri\/del-ts10271-hararet-musuru-astra-g-corsa-c-vectra-b\/","title":{"rendered":"DEL-TS10271 HARARET M\u00dc\u015e\u00dcR\u00dc ASTRA G \/ CORSA C \/ VECTRA B"},"content":{"rendered":"","protected":false},"excerpt":{"rendered":"","protected":false},"featured_media":13906,"template":"","meta":[],"product_brand":[236],"product_cat":[374],"product_tag":[378],"class_list":{"0":"post-9947","1":"product","2":"type-product","3":"status-publish","4":"has-post-thumbnail","6":"arac_markasi_modeli-astra-g","7":"arac_markasi_modeli-corsa-c","8":"arac_markasi_modeli-opel","9":"arac_markasi_modeli-vectra-b","10":"product_brand-delphi","11":"product_cat-sensor-ve-elektrik-urunleri","12":"product_tag-altay","14":"first","15":"outofstock","16":"taxable","17":"shipping-taxable","18":"purchasable","19":"product-type-simple"},"jetpack_sharing_enabled":true,"_links":{"self":[{"href":"https:\/\/ozince.com\/magaza\/wp-json\/wp\/v2\/product\/9947","targetHints":{"allow":["GET"]}}],"collection":[{"href":"https:\/\/ozince.com\/magaza\/wp-json\/wp\/v2\/product"}],"about":[{"href":"https:\/\/ozince.com\/magaza\/wp-json\/wp\/v2\/types\/product"}],"wp:featuredmedia":[{"embeddable":true,"href":"https:\/\/ozince.com\/magaza\/wp-json\/wp\/v2\/media\/13906"}],"wp:attachment":[{"href":"https:\/\/ozince.com\/magaza\/wp-json\/wp\/v2\/media?parent=9947"}],"wp:term":[{"taxonomy":"product_brand","embeddable":true,"href":"https:\/\/ozince.com\/magaza\/wp-json\/wp\/v2\/product_brand?post=9947"},{"taxonomy":"product_cat","embeddable":true,"href":"https:\/\/ozince.com\/magaza\/wp-json\/wp\/v2\/product_cat?post=9947"},{"taxonomy":"product_tag","embeddable":true,"href":"https:\/\/ozince.com\/magaza\/wp-json\/wp\/v2\/product_tag?post=9947"}],"curies":[{"name":"wp","href":"https:\/\/api.w.org\/{rel}","templated":true}]}}