{"id":9945,"date":"2026-04-14T08:17:30","date_gmt":"2026-04-14T05:17:30","guid":{"rendered":"https:\/\/ozince.com\/magaza\/kategorilenmemis\/mys-n6212528wm-amortisor-corsa-b-93-00-yagli-arka\/"},"modified":"2026-04-14T08:17:31","modified_gmt":"2026-04-14T05:17:31","slug":"mys-n6212528wm-amortisor-corsa-b-93-00-yagli-arka","status":"publish","type":"product","link":"https:\/\/ozince.com\/magaza\/alt-takim-urunleri\/mys-n6212528wm-amortisor-corsa-b-93-00-yagli-arka\/","title":{"rendered":"MYS-N6212528WM AMORT\u0130S\u00d6R CORSA B  93-00 YA\u011eLI ARKA"},"content":{"rendered":"","protected":false},"excerpt":{"rendered":"","protected":false},"featured_media":0,"template":"","meta":[],"product_brand":[437],"product_cat":[382],"product_tag":[378],"class_list":{"0":"post-9945","1":"product","2":"type-product","3":"status-publish","5":"arac_markasi_modeli-corsa-b","6":"arac_markasi_modeli-opel","7":"product_brand-maysan","8":"product_cat-alt-takim-urunleri","9":"product_tag-altay","11":"first","12":"outofstock","13":"taxable","14":"shipping-taxable","15":"purchasable","16":"product-type-simple"},"jetpack_sharing_enabled":true,"_links":{"self":[{"href":"https:\/\/ozince.com\/magaza\/wp-json\/wp\/v2\/product\/9945","targetHints":{"allow":["GET"]}}],"collection":[{"href":"https:\/\/ozince.com\/magaza\/wp-json\/wp\/v2\/product"}],"about":[{"href":"https:\/\/ozince.com\/magaza\/wp-json\/wp\/v2\/types\/product"}],"wp:attachment":[{"href":"https:\/\/ozince.com\/magaza\/wp-json\/wp\/v2\/media?parent=9945"}],"wp:term":[{"taxonomy":"product_brand","embeddable":true,"href":"https:\/\/ozince.com\/magaza\/wp-json\/wp\/v2\/product_brand?post=9945"},{"taxonomy":"product_cat","embeddable":true,"href":"https:\/\/ozince.com\/magaza\/wp-json\/wp\/v2\/product_cat?post=9945"},{"taxonomy":"product_tag","embeddable":true,"href":"https:\/\/ozince.com\/magaza\/wp-json\/wp\/v2\/product_tag?post=9945"}],"curies":[{"name":"wp","href":"https:\/\/api.w.org\/{rel}","templated":true}]}}