{"id":9941,"date":"2026-03-05T08:21:02","date_gmt":"2026-03-05T05:21:02","guid":{"rendered":"https:\/\/ozince.com\/magaza\/kategorilenmemis\/ayd-60040b-fren-balata-linea-07-combo-d-12-doblo-10-bravo-ii-06-buyuk-tip-on-tek-fisli\/"},"modified":"2026-03-05T08:21:03","modified_gmt":"2026-03-05T05:21:03","slug":"ayd-60041b-fren-balata-linea-07-combo-d-12-doblo-10-bravo-ii-06-buyuk-tip-on-tek-fisli","status":"publish","type":"product","link":"https:\/\/ozince.com\/magaza\/fren-sistemi-urunleri\/ayd-60041b-fren-balata-linea-07-combo-d-12-doblo-10-bravo-ii-06-buyuk-tip-on-tek-fisli\/","title":{"rendered":"AYD-60041B FREN BALATA LINEA 07= \/ COMBO D 12= \/ DOBLO 10= \/ BRAVO II 06= (B\u00dcY\u00dcK T\u0130P) \u00d6N TEK F\u0130\u015eL\u0130"},"content":{"rendered":"","protected":false},"excerpt":{"rendered":"","protected":false},"featured_media":11927,"template":"","meta":[],"product_brand":[235],"product_cat":[257],"product_tag":[378],"class_list":{"0":"post-9941","1":"product","2":"type-product","3":"status-publish","4":"has-post-thumbnail","6":"arac_markasi_modeli-combo-d","7":"arac_markasi_modeli-opel","8":"product_brand-ayd","9":"product_cat-fren-sistemi-urunleri","10":"product_tag-altay","12":"first","13":"instock","14":"taxable","15":"shipping-taxable","16":"purchasable","17":"product-type-simple"},"jetpack_sharing_enabled":true,"_links":{"self":[{"href":"https:\/\/ozince.com\/magaza\/wp-json\/wp\/v2\/product\/9941","targetHints":{"allow":["GET"]}}],"collection":[{"href":"https:\/\/ozince.com\/magaza\/wp-json\/wp\/v2\/product"}],"about":[{"href":"https:\/\/ozince.com\/magaza\/wp-json\/wp\/v2\/types\/product"}],"wp:featuredmedia":[{"embeddable":true,"href":"https:\/\/ozince.com\/magaza\/wp-json\/wp\/v2\/media\/11927"}],"wp:attachment":[{"href":"https:\/\/ozince.com\/magaza\/wp-json\/wp\/v2\/media?parent=9941"}],"wp:term":[{"taxonomy":"product_brand","embeddable":true,"href":"https:\/\/ozince.com\/magaza\/wp-json\/wp\/v2\/product_brand?post=9941"},{"taxonomy":"product_cat","embeddable":true,"href":"https:\/\/ozince.com\/magaza\/wp-json\/wp\/v2\/product_cat?post=9941"},{"taxonomy":"product_tag","embeddable":true,"href":"https:\/\/ozince.com\/magaza\/wp-json\/wp\/v2\/product_tag?post=9941"}],"curies":[{"name":"wp","href":"https:\/\/api.w.org\/{rel}","templated":true}]}}