{"id":9916,"date":"2026-04-09T08:16:50","date_gmt":"2026-04-09T05:16:50","guid":{"rendered":"https:\/\/ozince.com\/magaza\/kategorilenmemis\/hel-5da358000-341-atesleme-bobini-astra-j-09-16-1-4-t-aveo-11-14-1-2-16v-1-4-16v-corsa-d-06-14-1-2-1-4-corsa-e-14-1-2-1-4-insignia-08-1-4-t-mokka-12-1-4-a14nel-b14nel\/"},"modified":"2026-04-09T08:16:51","modified_gmt":"2026-04-09T05:16:51","slug":"hel-5da358000-341-atesleme-bobini-astra-j-09-16-1-4-t-aveo-11-14-1-2-16v-1-4-16v-corsa-d-06-14-1-2-1-4-corsa-e-14-1-2-1-4-insignia-08-1-4-t-mokka-12-1-4-a14nel-b14nel","status":"publish","type":"product","link":"https:\/\/ozince.com\/magaza\/sensor-ve-elektrik-urunleri\/hel-5da358000-341-atesleme-bobini-astra-j-09-16-1-4-t-aveo-11-14-1-2-16v-1-4-16v-corsa-d-06-14-1-2-1-4-corsa-e-14-1-2-1-4-insignia-08-1-4-t-mokka-12-1-4-a14nel-b14nel\/","title":{"rendered":"HEL-5DA358000-341 ATE\u015eLEME BOB\u0130N\u0130 ASTRA J 09-16 1.4 T \/ AVEO 11-14 1.2 16V-1.4 16V \/ CORSA D 06-14 1.2-1.4 \/ CORSA E 14= 1.2-1.4 \/ INSIGNIA 08= 1.4 T \/ MOKKA 12= 1.4 \/ A14NEL-B14NEL"},"content":{"rendered":"","protected":false},"excerpt":{"rendered":"","protected":false},"featured_media":15217,"template":"","meta":[],"product_brand":[199],"product_cat":[374],"product_tag":[378],"class_list":{"0":"post-9916","1":"product","2":"type-product","3":"status-publish","4":"has-post-thumbnail","6":"arac_markasi_modeli-astra-j","7":"arac_markasi_modeli-corsa-d","8":"arac_markasi_modeli-corsa-e","9":"arac_markasi_modeli-mokka","10":"arac_markasi_modeli-opel","11":"product_brand-hella","12":"product_cat-sensor-ve-elektrik-urunleri","13":"product_tag-altay","15":"first","16":"instock","17":"taxable","18":"shipping-taxable","19":"purchasable","20":"product-type-simple"},"jetpack_sharing_enabled":true,"_links":{"self":[{"href":"https:\/\/ozince.com\/magaza\/wp-json\/wp\/v2\/product\/9916","targetHints":{"allow":["GET"]}}],"collection":[{"href":"https:\/\/ozince.com\/magaza\/wp-json\/wp\/v2\/product"}],"about":[{"href":"https:\/\/ozince.com\/magaza\/wp-json\/wp\/v2\/types\/product"}],"wp:featuredmedia":[{"embeddable":true,"href":"https:\/\/ozince.com\/magaza\/wp-json\/wp\/v2\/media\/15217"}],"wp:attachment":[{"href":"https:\/\/ozince.com\/magaza\/wp-json\/wp\/v2\/media?parent=9916"}],"wp:term":[{"taxonomy":"product_brand","embeddable":true,"href":"https:\/\/ozince.com\/magaza\/wp-json\/wp\/v2\/product_brand?post=9916"},{"taxonomy":"product_cat","embeddable":true,"href":"https:\/\/ozince.com\/magaza\/wp-json\/wp\/v2\/product_cat?post=9916"},{"taxonomy":"product_tag","embeddable":true,"href":"https:\/\/ozince.com\/magaza\/wp-json\/wp\/v2\/product_tag?post=9916"}],"curies":[{"name":"wp","href":"https:\/\/api.w.org\/{rel}","templated":true}]}}