{"id":9915,"date":"2026-05-03T08:19:16","date_gmt":"2026-05-03T05:19:16","guid":{"rendered":"https:\/\/ozince.com\/magaza\/kategorilenmemis\/fae-79121-sensor-eksantrik-devir-astra-g-corsa-c-vectra-b-vectra-c-meriva-a-zafira-b-x14xe-z14xe-x16xel-z16xe\/"},"modified":"2026-05-03T08:19:17","modified_gmt":"2026-05-03T05:19:17","slug":"fae-79121-sensor-eksantrik-devir-astra-g-corsa-c-vectra-b-vectra-c-meriva-a-zafira-b-x14xe-z14xe-x16xel-z16xe","status":"publish","type":"product","link":"https:\/\/ozince.com\/magaza\/sensor-ve-elektrik-urunleri\/fae-79121-sensor-eksantrik-devir-astra-g-corsa-c-vectra-b-vectra-c-meriva-a-zafira-b-x14xe-z14xe-x16xel-z16xe\/","title":{"rendered":"FAE-79121 SENS\u00d6R EKSANTR\u0130K DEV\u0130R ASTRA G \/ CORSA C \/ VECTRA B \/ VECTRA C \/ MERIVA A \/ ZAFIRA B X14XE-Z14XE-X16XEL-Z16XE"},"content":{"rendered":"","protected":false},"excerpt":{"rendered":"","protected":false},"featured_media":0,"template":"","meta":[],"product_brand":[428],"product_cat":[374],"product_tag":[378],"class_list":{"0":"post-9915","1":"product","2":"type-product","3":"status-publish","5":"arac_markasi_modeli-astra-g","6":"arac_markasi_modeli-corsa-c","7":"arac_markasi_modeli-meriva","8":"arac_markasi_modeli-meriva-a","9":"arac_markasi_modeli-opel","10":"arac_markasi_modeli-vectra-b","11":"arac_markasi_modeli-vectra-c","12":"arac_markasi_modeli-zafira-b","13":"product_brand-fae","14":"product_cat-sensor-ve-elektrik-urunleri","15":"product_tag-altay","17":"first","18":"outofstock","19":"taxable","20":"shipping-taxable","21":"purchasable","22":"product-type-simple"},"jetpack_sharing_enabled":true,"_links":{"self":[{"href":"https:\/\/ozince.com\/magaza\/wp-json\/wp\/v2\/product\/9915","targetHints":{"allow":["GET"]}}],"collection":[{"href":"https:\/\/ozince.com\/magaza\/wp-json\/wp\/v2\/product"}],"about":[{"href":"https:\/\/ozince.com\/magaza\/wp-json\/wp\/v2\/types\/product"}],"wp:attachment":[{"href":"https:\/\/ozince.com\/magaza\/wp-json\/wp\/v2\/media?parent=9915"}],"wp:term":[{"taxonomy":"product_brand","embeddable":true,"href":"https:\/\/ozince.com\/magaza\/wp-json\/wp\/v2\/product_brand?post=9915"},{"taxonomy":"product_cat","embeddable":true,"href":"https:\/\/ozince.com\/magaza\/wp-json\/wp\/v2\/product_cat?post=9915"},{"taxonomy":"product_tag","embeddable":true,"href":"https:\/\/ozince.com\/magaza\/wp-json\/wp\/v2\/product_tag?post=9915"}],"curies":[{"name":"wp","href":"https:\/\/api.w.org\/{rel}","templated":true}]}}