{"id":9914,"date":"2026-04-08T08:14:09","date_gmt":"2026-04-08T05:14:09","guid":{"rendered":"https:\/\/ozince.com\/magaza\/kategorilenmemis\/fae-38330-musur-fan-vectra-b-vectra-c-zafira-a-01-x16xel-z16xe-x18xe-z18xe-x20xev-x25xe-mavi-3-fisli\/"},"modified":"2026-04-08T08:14:10","modified_gmt":"2026-04-08T05:14:10","slug":"fae-38330-musur-fan-vectra-b-vectra-c-zafira-a-01-x16xel-z16xe-x18xe-z18xe-x20xev-x25xe-mavi-3-fisli","status":"publish","type":"product","link":"https:\/\/ozince.com\/magaza\/sensor-ve-elektrik-urunleri\/fae-38330-musur-fan-vectra-b-vectra-c-zafira-a-01-x16xel-z16xe-x18xe-z18xe-x20xev-x25xe-mavi-3-fisli\/","title":{"rendered":"FAE-38330 M\u00dc\u015e\u00dcR FAN VECTRA B \/ VECTRA C \/ ZAFIRA A 01 X16XEL-Z16XE-X18XE-Z18XE-X20XEV-X25XE  MAVI 3 FISLI"},"content":{"rendered":"","protected":false},"excerpt":{"rendered":"","protected":false},"featured_media":13930,"template":"","meta":[],"product_brand":[428],"product_cat":[374],"product_tag":[378],"class_list":{"0":"post-9914","1":"product","2":"type-product","3":"status-publish","4":"has-post-thumbnail","6":"arac_markasi_modeli-opel","7":"arac_markasi_modeli-vectra-b","8":"arac_markasi_modeli-vectra-c","9":"arac_markasi_modeli-zafira-a","10":"product_brand-fae","11":"product_cat-sensor-ve-elektrik-urunleri","12":"product_tag-altay","14":"first","15":"outofstock","16":"taxable","17":"shipping-taxable","18":"purchasable","19":"product-type-simple"},"jetpack_sharing_enabled":true,"_links":{"self":[{"href":"https:\/\/ozince.com\/magaza\/wp-json\/wp\/v2\/product\/9914","targetHints":{"allow":["GET"]}}],"collection":[{"href":"https:\/\/ozince.com\/magaza\/wp-json\/wp\/v2\/product"}],"about":[{"href":"https:\/\/ozince.com\/magaza\/wp-json\/wp\/v2\/types\/product"}],"wp:featuredmedia":[{"embeddable":true,"href":"https:\/\/ozince.com\/magaza\/wp-json\/wp\/v2\/media\/13930"}],"wp:attachment":[{"href":"https:\/\/ozince.com\/magaza\/wp-json\/wp\/v2\/media?parent=9914"}],"wp:term":[{"taxonomy":"product_brand","embeddable":true,"href":"https:\/\/ozince.com\/magaza\/wp-json\/wp\/v2\/product_brand?post=9914"},{"taxonomy":"product_cat","embeddable":true,"href":"https:\/\/ozince.com\/magaza\/wp-json\/wp\/v2\/product_cat?post=9914"},{"taxonomy":"product_tag","embeddable":true,"href":"https:\/\/ozince.com\/magaza\/wp-json\/wp\/v2\/product_tag?post=9914"}],"curies":[{"name":"wp","href":"https:\/\/api.w.org\/{rel}","templated":true}]}}