{"id":9911,"date":"2026-04-08T08:14:09","date_gmt":"2026-04-08T05:14:09","guid":{"rendered":"https:\/\/ozince.com\/magaza\/kategorilenmemis\/flt-ap051-3-hava-filtresi-astra-g-zafira-a-z17dtl-y17dt-x20dtl-y20dth-y22dtr-06\/"},"modified":"2026-04-08T08:14:10","modified_gmt":"2026-04-08T05:14:10","slug":"flt-ap051-3-hava-filtresi-astra-g-zafira-a-z17dtl-y17dt-x20dtl-y20dth-y22dtr-06","status":"publish","type":"product","link":"https:\/\/ozince.com\/magaza\/periyodik-bakim-ve-filtre-urunleri\/flt-ap051-3-hava-filtresi-astra-g-zafira-a-z17dtl-y17dt-x20dtl-y20dth-y22dtr-06\/","title":{"rendered":"FLT-AP051\/3 HAVA F\u0130LTRES\u0130 ASTRA G ZAF\u0130RA A Z17DTL Y17DT X20DTL Y20DTH Y22DTR 06-"},"content":{"rendered":"","protected":false},"excerpt":{"rendered":"","protected":false},"featured_media":13178,"template":"","meta":[],"product_brand":[196],"product_cat":[352],"product_tag":[378],"class_list":{"0":"post-9911","1":"product","2":"type-product","3":"status-publish","4":"has-post-thumbnail","6":"arac_markasi_modeli-astra-g","7":"arac_markasi_modeli-opel","8":"arac_markasi_modeli-zafira-a","9":"product_brand-filtron","10":"product_cat-periyodik-bakim-ve-filtre-urunleri","11":"product_tag-altay","13":"first","14":"instock","15":"taxable","16":"shipping-taxable","17":"purchasable","18":"product-type-simple"},"jetpack_sharing_enabled":true,"_links":{"self":[{"href":"https:\/\/ozince.com\/magaza\/wp-json\/wp\/v2\/product\/9911","targetHints":{"allow":["GET"]}}],"collection":[{"href":"https:\/\/ozince.com\/magaza\/wp-json\/wp\/v2\/product"}],"about":[{"href":"https:\/\/ozince.com\/magaza\/wp-json\/wp\/v2\/types\/product"}],"wp:featuredmedia":[{"embeddable":true,"href":"https:\/\/ozince.com\/magaza\/wp-json\/wp\/v2\/media\/13178"}],"wp:attachment":[{"href":"https:\/\/ozince.com\/magaza\/wp-json\/wp\/v2\/media?parent=9911"}],"wp:term":[{"taxonomy":"product_brand","embeddable":true,"href":"https:\/\/ozince.com\/magaza\/wp-json\/wp\/v2\/product_brand?post=9911"},{"taxonomy":"product_cat","embeddable":true,"href":"https:\/\/ozince.com\/magaza\/wp-json\/wp\/v2\/product_cat?post=9911"},{"taxonomy":"product_tag","embeddable":true,"href":"https:\/\/ozince.com\/magaza\/wp-json\/wp\/v2\/product_tag?post=9911"}],"curies":[{"name":"wp","href":"https:\/\/api.w.org\/{rel}","templated":true}]}}