{"id":9904,"date":"2026-04-05T08:16:06","date_gmt":"2026-04-05T05:16:06","guid":{"rendered":"https:\/\/ozince.com\/magaza\/kategorilenmemis\/tpr-207037001-yag-karteri-astra-g-astra-f-corsa-b-vectra-a-b-1-4-1-6-aluminyum\/"},"modified":"2026-04-05T08:16:06","modified_gmt":"2026-04-05T05:16:06","slug":"tpr-207037001-yag-karteri-astra-g-astra-f-corsa-b-vectra-a-b-1-4-1-6-aluminyum","status":"publish","type":"product","link":"https:\/\/ozince.com\/magaza\/motor-mekanik-urunleri\/tpr-207037001-yag-karteri-astra-g-astra-f-corsa-b-vectra-a-b-1-4-1-6-aluminyum\/","title":{"rendered":"TPR-207037001 YA\u011e KARTER\u0130 ASTRA G-ASTRA F-CORSA B VECTRA A B 1.4 1.6 ALUM\u0130NYUM"},"content":{"rendered":"","protected":false},"excerpt":{"rendered":"","protected":false},"featured_media":0,"template":"","meta":[],"product_brand":[336],"product_cat":[298],"product_tag":[378],"class_list":{"0":"post-9904","1":"product","2":"type-product","3":"status-publish","5":"arac_markasi_modeli-astra-f","6":"arac_markasi_modeli-astra-g","7":"arac_markasi_modeli-corsa-b","8":"arac_markasi_modeli-opel","9":"arac_markasi_modeli-vectra-a","10":"product_brand-topran","11":"product_cat-motor-mekanik-urunleri","12":"product_tag-altay","14":"first","15":"outofstock","16":"taxable","17":"shipping-taxable","18":"purchasable","19":"product-type-simple"},"jetpack_sharing_enabled":true,"_links":{"self":[{"href":"https:\/\/ozince.com\/magaza\/wp-json\/wp\/v2\/product\/9904","targetHints":{"allow":["GET"]}}],"collection":[{"href":"https:\/\/ozince.com\/magaza\/wp-json\/wp\/v2\/product"}],"about":[{"href":"https:\/\/ozince.com\/magaza\/wp-json\/wp\/v2\/types\/product"}],"wp:attachment":[{"href":"https:\/\/ozince.com\/magaza\/wp-json\/wp\/v2\/media?parent=9904"}],"wp:term":[{"taxonomy":"product_brand","embeddable":true,"href":"https:\/\/ozince.com\/magaza\/wp-json\/wp\/v2\/product_brand?post=9904"},{"taxonomy":"product_cat","embeddable":true,"href":"https:\/\/ozince.com\/magaza\/wp-json\/wp\/v2\/product_cat?post=9904"},{"taxonomy":"product_tag","embeddable":true,"href":"https:\/\/ozince.com\/magaza\/wp-json\/wp\/v2\/product_tag?post=9904"}],"curies":[{"name":"wp","href":"https:\/\/api.w.org\/{rel}","templated":true}]}}