{"id":9896,"date":"2026-04-06T08:20:52","date_gmt":"2026-04-06T05:20:52","guid":{"rendered":"https:\/\/ozince.com\/magaza\/kategorilenmemis\/ufi-55-116-00-yakit-filtresi-hazne-komple-mazot-astra-h-corsa-c-z13dth-1-3d-oem-orijinal-equipment-manufac\/"},"modified":"2026-04-06T08:20:52","modified_gmt":"2026-04-06T05:20:52","slug":"ufi-55-116-00-yakit-filtresi-hazne-komple-mazot-astra-h-corsa-c-z13dth-1-3d-oem-orijinal-equipment-manufac","status":"publish","type":"product","link":"https:\/\/ozince.com\/magaza\/periyodik-bakim-ve-filtre-urunleri\/ufi-55-116-00-yakit-filtresi-hazne-komple-mazot-astra-h-corsa-c-z13dth-1-3d-oem-orijinal-equipment-manufac\/","title":{"rendered":"UFI-55.116.00 YAKIT FILTRESI HAZNE KOMPLE (MAZOT) ASTRA H \/ CORSA C \/ Z13DTH 1.3D  OEM (OR\u0130J\u0130NAL EQU\u0130PMENT MANUFAC"},"content":{"rendered":"","protected":false},"excerpt":{"rendered":"","protected":false},"featured_media":13210,"template":"","meta":[],"product_brand":[442],"product_cat":[352],"product_tag":[378],"class_list":{"0":"post-9896","1":"product","2":"type-product","3":"status-publish","4":"has-post-thumbnail","6":"arac_markasi_modeli-astra-h","7":"arac_markasi_modeli-corsa-c","8":"arac_markasi_modeli-opel","9":"product_brand-ufi","10":"product_cat-periyodik-bakim-ve-filtre-urunleri","11":"product_tag-altay","13":"first","14":"outofstock","15":"taxable","16":"shipping-taxable","17":"purchasable","18":"product-type-simple"},"jetpack_sharing_enabled":true,"_links":{"self":[{"href":"https:\/\/ozince.com\/magaza\/wp-json\/wp\/v2\/product\/9896","targetHints":{"allow":["GET"]}}],"collection":[{"href":"https:\/\/ozince.com\/magaza\/wp-json\/wp\/v2\/product"}],"about":[{"href":"https:\/\/ozince.com\/magaza\/wp-json\/wp\/v2\/types\/product"}],"wp:featuredmedia":[{"embeddable":true,"href":"https:\/\/ozince.com\/magaza\/wp-json\/wp\/v2\/media\/13210"}],"wp:attachment":[{"href":"https:\/\/ozince.com\/magaza\/wp-json\/wp\/v2\/media?parent=9896"}],"wp:term":[{"taxonomy":"product_brand","embeddable":true,"href":"https:\/\/ozince.com\/magaza\/wp-json\/wp\/v2\/product_brand?post=9896"},{"taxonomy":"product_cat","embeddable":true,"href":"https:\/\/ozince.com\/magaza\/wp-json\/wp\/v2\/product_cat?post=9896"},{"taxonomy":"product_tag","embeddable":true,"href":"https:\/\/ozince.com\/magaza\/wp-json\/wp\/v2\/product_tag?post=9896"}],"curies":[{"name":"wp","href":"https:\/\/api.w.org\/{rel}","templated":true}]}}