{"id":9892,"date":"2026-04-10T08:12:35","date_gmt":"2026-04-10T05:12:35","guid":{"rendered":"https:\/\/ozince.com\/magaza\/kategorilenmemis\/cfa-101-760-fren-silindiri-vectra-b-astra-h-zafira-a-spark-nubira-daewoo-lanos-z12xep-z13dth-z14xep-z16xe-z16xep-z17dth-arka-sol-sag\/"},"modified":"2026-04-10T08:12:35","modified_gmt":"2026-04-10T05:12:35","slug":"cfa-101-760-fren-silindiri-vectra-b-astra-h-zafira-a-spark-nubira-daewoo-lanos-z12xep-z13dth-z14xep-z16xe-z16xep-z17dth-arka-sol-sag","status":"publish","type":"product","link":"https:\/\/ozince.com\/magaza\/fren-sistemi-urunleri\/cfa-101-760-fren-silindiri-vectra-b-astra-h-zafira-a-spark-nubira-daewoo-lanos-z12xep-z13dth-z14xep-z16xe-z16xep-z17dth-arka-sol-sag\/","title":{"rendered":"CFA-101-760 FREN S\u0130L\u0130ND\u0130R\u0130 VECTRA B \/ ASTRA H \/ ZAFIRA A \/ SPARK \/ NUB\u0130RA \/ DAEWOO LANOS Z12XEP-Z13DTH-Z14XEP-Z16XE-Z16XEP-Z17DTH ARKA SOL-SA\u011e"},"content":{"rendered":"","protected":false},"excerpt":{"rendered":"","protected":false},"featured_media":14780,"template":"","meta":[],"product_brand":[446],"product_cat":[257],"product_tag":[378],"class_list":{"0":"post-9892","1":"product","2":"type-product","3":"status-publish","4":"has-post-thumbnail","6":"arac_markasi_modeli-astra-h","7":"arac_markasi_modeli-opel","8":"arac_markasi_modeli-vectra-b","9":"arac_markasi_modeli-zafira-a","10":"product_brand-cifam","11":"product_cat-fren-sistemi-urunleri","12":"product_tag-altay","14":"first","15":"instock","16":"taxable","17":"shipping-taxable","18":"purchasable","19":"product-type-simple"},"jetpack_sharing_enabled":true,"_links":{"self":[{"href":"https:\/\/ozince.com\/magaza\/wp-json\/wp\/v2\/product\/9892","targetHints":{"allow":["GET"]}}],"collection":[{"href":"https:\/\/ozince.com\/magaza\/wp-json\/wp\/v2\/product"}],"about":[{"href":"https:\/\/ozince.com\/magaza\/wp-json\/wp\/v2\/types\/product"}],"wp:featuredmedia":[{"embeddable":true,"href":"https:\/\/ozince.com\/magaza\/wp-json\/wp\/v2\/media\/14780"}],"wp:attachment":[{"href":"https:\/\/ozince.com\/magaza\/wp-json\/wp\/v2\/media?parent=9892"}],"wp:term":[{"taxonomy":"product_brand","embeddable":true,"href":"https:\/\/ozince.com\/magaza\/wp-json\/wp\/v2\/product_brand?post=9892"},{"taxonomy":"product_cat","embeddable":true,"href":"https:\/\/ozince.com\/magaza\/wp-json\/wp\/v2\/product_cat?post=9892"},{"taxonomy":"product_tag","embeddable":true,"href":"https:\/\/ozince.com\/magaza\/wp-json\/wp\/v2\/product_tag?post=9892"}],"curies":[{"name":"wp","href":"https:\/\/api.w.org\/{rel}","templated":true}]}}