{"id":9884,"date":"2026-05-09T08:20:37","date_gmt":"2026-05-09T05:20:37","guid":{"rendered":"https:\/\/ozince.com\/magaza\/kategorilenmemis\/elr-374-240-civata-silindir-kapak-saplama-corsa-c-corsa-d-astra-h-astra-j-z1-3dth-takim\/"},"modified":"2026-05-09T08:20:37","modified_gmt":"2026-05-09T05:20:37","slug":"elr-374-240-civata-silindir-kapak-saplama-corsa-c-corsa-d-astra-h-astra-j-z1-3dth-takim","status":"publish","type":"product","link":"https:\/\/ozince.com\/magaza\/motor-mekanik-urunleri\/elr-374-240-civata-silindir-kapak-saplama-corsa-c-corsa-d-astra-h-astra-j-z1-3dth-takim\/","title":{"rendered":"ELR-374.240 C\u0130VATA S\u0130L\u0130ND\u0130R KAPAK SAPLAMA CORSA C \/ CORSA D \/ ASTRA H \/ ASTRA J Z1.3DTH TAKIM"},"content":{"rendered":"","protected":false},"excerpt":{"rendered":"","protected":false},"featured_media":0,"template":"","meta":[],"product_brand":[421],"product_cat":[298],"product_tag":[378],"class_list":{"0":"post-9884","1":"product","2":"type-product","3":"status-publish","5":"arac_markasi_modeli-astra-h","6":"arac_markasi_modeli-astra-j","7":"arac_markasi_modeli-corsa-c","8":"arac_markasi_modeli-corsa-d","9":"arac_markasi_modeli-opel","10":"product_brand-elring","11":"product_cat-motor-mekanik-urunleri","12":"product_tag-altay","14":"first","15":"outofstock","16":"taxable","17":"shipping-taxable","18":"purchasable","19":"product-type-simple"},"jetpack_sharing_enabled":true,"_links":{"self":[{"href":"https:\/\/ozince.com\/magaza\/wp-json\/wp\/v2\/product\/9884","targetHints":{"allow":["GET"]}}],"collection":[{"href":"https:\/\/ozince.com\/magaza\/wp-json\/wp\/v2\/product"}],"about":[{"href":"https:\/\/ozince.com\/magaza\/wp-json\/wp\/v2\/types\/product"}],"wp:attachment":[{"href":"https:\/\/ozince.com\/magaza\/wp-json\/wp\/v2\/media?parent=9884"}],"wp:term":[{"taxonomy":"product_brand","embeddable":true,"href":"https:\/\/ozince.com\/magaza\/wp-json\/wp\/v2\/product_brand?post=9884"},{"taxonomy":"product_cat","embeddable":true,"href":"https:\/\/ozince.com\/magaza\/wp-json\/wp\/v2\/product_cat?post=9884"},{"taxonomy":"product_tag","embeddable":true,"href":"https:\/\/ozince.com\/magaza\/wp-json\/wp\/v2\/product_tag?post=9884"}],"curies":[{"name":"wp","href":"https:\/\/api.w.org\/{rel}","templated":true}]}}