{"id":9880,"date":"2026-04-07T08:18:47","date_gmt":"2026-04-07T05:18:47","guid":{"rendered":"https:\/\/ozince.com\/magaza\/kategorilenmemis\/ayd-50159-fren-diski-zafira-a-99-05-arka-duz-264-5\/"},"modified":"2026-04-07T08:18:48","modified_gmt":"2026-04-07T05:18:48","slug":"ayd-50159-fren-diski-zafira-a-99-05-arka-duz-264-5","status":"publish","type":"product","link":"https:\/\/ozince.com\/magaza\/fren-sistemi-urunleri\/ayd-50159-fren-diski-zafira-a-99-05-arka-duz-264-5\/","title":{"rendered":"AYD-50159 FREN D\u0130SK\u0130 ZAFIRA A 99-05 ARKA D\u00dcZ 264-5"},"content":{"rendered":"","protected":false},"excerpt":{"rendered":"","protected":false},"featured_media":0,"template":"","meta":[],"product_brand":[235],"product_cat":[257],"product_tag":[378],"class_list":{"0":"post-9880","1":"product","2":"type-product","3":"status-publish","5":"arac_markasi_modeli-opel","6":"arac_markasi_modeli-zafira-a","7":"product_brand-ayd","8":"product_cat-fren-sistemi-urunleri","9":"product_tag-altay","11":"first","12":"outofstock","13":"taxable","14":"shipping-taxable","15":"purchasable","16":"product-type-simple"},"jetpack_sharing_enabled":true,"_links":{"self":[{"href":"https:\/\/ozince.com\/magaza\/wp-json\/wp\/v2\/product\/9880","targetHints":{"allow":["GET"]}}],"collection":[{"href":"https:\/\/ozince.com\/magaza\/wp-json\/wp\/v2\/product"}],"about":[{"href":"https:\/\/ozince.com\/magaza\/wp-json\/wp\/v2\/types\/product"}],"wp:attachment":[{"href":"https:\/\/ozince.com\/magaza\/wp-json\/wp\/v2\/media?parent=9880"}],"wp:term":[{"taxonomy":"product_brand","embeddable":true,"href":"https:\/\/ozince.com\/magaza\/wp-json\/wp\/v2\/product_brand?post=9880"},{"taxonomy":"product_cat","embeddable":true,"href":"https:\/\/ozince.com\/magaza\/wp-json\/wp\/v2\/product_cat?post=9880"},{"taxonomy":"product_tag","embeddable":true,"href":"https:\/\/ozince.com\/magaza\/wp-json\/wp\/v2\/product_tag?post=9880"}],"curies":[{"name":"wp","href":"https:\/\/api.w.org\/{rel}","templated":true}]}}