{"id":9878,"date":"2026-04-11T08:16:25","date_gmt":"2026-04-11T05:16:25","guid":{"rendered":"https:\/\/ozince.com\/magaza\/kategorilenmemis\/vr-02-33495-01-takim-conta-corsa-b-93-00-1-0-12v-x10xe-skckecesupap-lastik-ust\/"},"modified":"2026-04-11T08:16:25","modified_gmt":"2026-04-11T05:16:25","slug":"vr-02-33495-01-takim-conta-corsa-b-93-00-1-0-12v-x10xe-skckecesupap-lastik-ust","status":"publish","type":"product","link":"https:\/\/ozince.com\/magaza\/motor-mekanik-urunleri\/vr-02-33495-01-takim-conta-corsa-b-93-00-1-0-12v-x10xe-skckecesupap-lastik-ust\/","title":{"rendered":"VR-02-33495-01 TAKIM CONTA CORSA B  93-00 \/ 1.0 12V (X10XE) +SKC+KE\u00c7E+SUPAP LAST\u0130K \u00dcST"},"content":{"rendered":"","protected":false},"excerpt":{"rendered":"","protected":false},"featured_media":14031,"template":"","meta":[],"product_brand":[422],"product_cat":[298],"product_tag":[378],"class_list":{"0":"post-9878","1":"product","2":"type-product","3":"status-publish","4":"has-post-thumbnail","6":"arac_markasi_modeli-corsa-b","7":"arac_markasi_modeli-opel","8":"product_brand-v-reinz","9":"product_cat-motor-mekanik-urunleri","10":"product_tag-altay","12":"first","13":"instock","14":"taxable","15":"shipping-taxable","16":"purchasable","17":"product-type-simple"},"jetpack_sharing_enabled":true,"_links":{"self":[{"href":"https:\/\/ozince.com\/magaza\/wp-json\/wp\/v2\/product\/9878","targetHints":{"allow":["GET"]}}],"collection":[{"href":"https:\/\/ozince.com\/magaza\/wp-json\/wp\/v2\/product"}],"about":[{"href":"https:\/\/ozince.com\/magaza\/wp-json\/wp\/v2\/types\/product"}],"wp:featuredmedia":[{"embeddable":true,"href":"https:\/\/ozince.com\/magaza\/wp-json\/wp\/v2\/media\/14031"}],"wp:attachment":[{"href":"https:\/\/ozince.com\/magaza\/wp-json\/wp\/v2\/media?parent=9878"}],"wp:term":[{"taxonomy":"product_brand","embeddable":true,"href":"https:\/\/ozince.com\/magaza\/wp-json\/wp\/v2\/product_brand?post=9878"},{"taxonomy":"product_cat","embeddable":true,"href":"https:\/\/ozince.com\/magaza\/wp-json\/wp\/v2\/product_cat?post=9878"},{"taxonomy":"product_tag","embeddable":true,"href":"https:\/\/ozince.com\/magaza\/wp-json\/wp\/v2\/product_tag?post=9878"}],"curies":[{"name":"wp","href":"https:\/\/api.w.org\/{rel}","templated":true}]}}