{"id":9867,"date":"2026-04-08T08:14:03","date_gmt":"2026-04-08T05:14:03","guid":{"rendered":"https:\/\/ozince.com\/magaza\/kategorilenmemis\/uce-91101-aks-korugu-ic-corsa-c-combo-c\/"},"modified":"2026-04-08T08:14:03","modified_gmt":"2026-04-08T05:14:03","slug":"uce-91101-aks-korugu-ic-corsa-c-combo-c","status":"publish","type":"product","link":"https:\/\/ozince.com\/magaza\/aks-urunleri\/uce-91101-aks-korugu-ic-corsa-c-combo-c\/","title":{"rendered":"UCE-91101 AKS K\u00d6R\u00dc\u011e\u00dc \u0130\u00c7 CORSA C \/ COMBO C"},"content":{"rendered":"","protected":false},"excerpt":{"rendered":"","protected":false},"featured_media":0,"template":"","meta":[],"product_brand":[414],"product_cat":[379],"product_tag":[378],"class_list":{"0":"post-9867","1":"product","2":"type-product","3":"status-publish","5":"arac_markasi_modeli-combo-c","6":"arac_markasi_modeli-corsa-c","7":"arac_markasi_modeli-opel","8":"product_brand-ucel","9":"product_cat-aks-urunleri","10":"product_tag-altay","12":"first","13":"instock","14":"taxable","15":"shipping-taxable","16":"purchasable","17":"product-type-simple"},"jetpack_sharing_enabled":true,"_links":{"self":[{"href":"https:\/\/ozince.com\/magaza\/wp-json\/wp\/v2\/product\/9867","targetHints":{"allow":["GET"]}}],"collection":[{"href":"https:\/\/ozince.com\/magaza\/wp-json\/wp\/v2\/product"}],"about":[{"href":"https:\/\/ozince.com\/magaza\/wp-json\/wp\/v2\/types\/product"}],"wp:attachment":[{"href":"https:\/\/ozince.com\/magaza\/wp-json\/wp\/v2\/media?parent=9867"}],"wp:term":[{"taxonomy":"product_brand","embeddable":true,"href":"https:\/\/ozince.com\/magaza\/wp-json\/wp\/v2\/product_brand?post=9867"},{"taxonomy":"product_cat","embeddable":true,"href":"https:\/\/ozince.com\/magaza\/wp-json\/wp\/v2\/product_cat?post=9867"},{"taxonomy":"product_tag","embeddable":true,"href":"https:\/\/ozince.com\/magaza\/wp-json\/wp\/v2\/product_tag?post=9867"}],"curies":[{"name":"wp","href":"https:\/\/api.w.org\/{rel}","templated":true}]}}