{"id":9863,"date":"2026-03-04T08:15:51","date_gmt":"2026-03-04T05:15:51","guid":{"rendered":"https:\/\/ozince.com\/magaza\/kategorilenmemis\/ayd-50227xfc-fren-diski-doblo-10-egea-15-fiorino-13-combo-d-12-on-havali-284-5-delikli-performans\/"},"modified":"2026-03-04T08:15:52","modified_gmt":"2026-03-04T05:15:52","slug":"ayd-50227xfc-fren-diski-doblo-10-egea-15-fiorino-13-combo-d-12-on-havali-284-5-delikli-performans","status":"publish","type":"product","link":"https:\/\/ozince.com\/magaza\/fren-sistemi-urunleri\/ayd-50227xfc-fren-diski-doblo-10-egea-15-fiorino-13-combo-d-12-on-havali-284-5-delikli-performans\/","title":{"rendered":"AYD-50227XFC FREN D\u0130SK\u0130 DOBLO 10= \/ EGEA 15= \/ FIORINO 13= \/ COMBO D 12= \/ \u00d6N HAVALI 284-5 DEL\u0130KL\u0130 PERFORMANS"},"content":{"rendered":"","protected":false},"excerpt":{"rendered":"","protected":false},"featured_media":0,"template":"","meta":[],"product_brand":[235],"product_cat":[257],"product_tag":[378],"class_list":{"0":"post-9863","1":"product","2":"type-product","3":"status-publish","5":"arac_markasi_modeli-combo-d","6":"arac_markasi_modeli-opel","7":"product_brand-ayd","8":"product_cat-fren-sistemi-urunleri","9":"product_tag-altay","11":"first","12":"outofstock","13":"taxable","14":"shipping-taxable","15":"purchasable","16":"product-type-simple"},"jetpack_sharing_enabled":true,"_links":{"self":[{"href":"https:\/\/ozince.com\/magaza\/wp-json\/wp\/v2\/product\/9863","targetHints":{"allow":["GET"]}}],"collection":[{"href":"https:\/\/ozince.com\/magaza\/wp-json\/wp\/v2\/product"}],"about":[{"href":"https:\/\/ozince.com\/magaza\/wp-json\/wp\/v2\/types\/product"}],"wp:attachment":[{"href":"https:\/\/ozince.com\/magaza\/wp-json\/wp\/v2\/media?parent=9863"}],"wp:term":[{"taxonomy":"product_brand","embeddable":true,"href":"https:\/\/ozince.com\/magaza\/wp-json\/wp\/v2\/product_brand?post=9863"},{"taxonomy":"product_cat","embeddable":true,"href":"https:\/\/ozince.com\/magaza\/wp-json\/wp\/v2\/product_cat?post=9863"},{"taxonomy":"product_tag","embeddable":true,"href":"https:\/\/ozince.com\/magaza\/wp-json\/wp\/v2\/product_tag?post=9863"}],"curies":[{"name":"wp","href":"https:\/\/api.w.org\/{rel}","templated":true}]}}