{"id":9852,"date":"2026-04-11T08:16:19","date_gmt":"2026-04-11T05:16:19","guid":{"rendered":"https:\/\/ozince.com\/magaza\/kategorilenmemis\/ina-427100530-disli-eksantrik-egsoz-astra-h-insignia-astra-j-cruze-a16zer-z16xer\/"},"modified":"2026-04-11T08:16:20","modified_gmt":"2026-04-11T05:16:20","slug":"ina-427100530-disli-eksantrik-egsoz-astra-h-insignia-astra-j-cruze-a16zer-z16xer","status":"publish","type":"product","link":"https:\/\/ozince.com\/magaza\/motor-mekanik-urunleri\/ina-427100530-disli-eksantrik-egsoz-astra-h-insignia-astra-j-cruze-a16zer-z16xer\/","title":{"rendered":"INA-427100530 D\u0130\u015eL\u0130 EKSANTR\u0130K EGSOZ ASTRA H \/ INSIGNIA \/ ASTRA J \/ CRUZE  A16ZER-Z16XER"},"content":{"rendered":"","protected":false},"excerpt":{"rendered":"","protected":false},"featured_media":13703,"template":"","meta":[],"product_brand":[303],"product_cat":[298],"product_tag":[378],"class_list":{"0":"post-9852","1":"product","2":"type-product","3":"status-publish","4":"has-post-thumbnail","6":"arac_markasi_modeli-astra-h","7":"arac_markasi_modeli-astra-j","8":"arac_markasi_modeli-opel","9":"product_brand-ina","10":"product_cat-motor-mekanik-urunleri","11":"product_tag-altay","13":"first","14":"instock","15":"taxable","16":"shipping-taxable","17":"purchasable","18":"product-type-simple"},"jetpack_sharing_enabled":true,"_links":{"self":[{"href":"https:\/\/ozince.com\/magaza\/wp-json\/wp\/v2\/product\/9852","targetHints":{"allow":["GET"]}}],"collection":[{"href":"https:\/\/ozince.com\/magaza\/wp-json\/wp\/v2\/product"}],"about":[{"href":"https:\/\/ozince.com\/magaza\/wp-json\/wp\/v2\/types\/product"}],"wp:featuredmedia":[{"embeddable":true,"href":"https:\/\/ozince.com\/magaza\/wp-json\/wp\/v2\/media\/13703"}],"wp:attachment":[{"href":"https:\/\/ozince.com\/magaza\/wp-json\/wp\/v2\/media?parent=9852"}],"wp:term":[{"taxonomy":"product_brand","embeddable":true,"href":"https:\/\/ozince.com\/magaza\/wp-json\/wp\/v2\/product_brand?post=9852"},{"taxonomy":"product_cat","embeddable":true,"href":"https:\/\/ozince.com\/magaza\/wp-json\/wp\/v2\/product_cat?post=9852"},{"taxonomy":"product_tag","embeddable":true,"href":"https:\/\/ozince.com\/magaza\/wp-json\/wp\/v2\/product_tag?post=9852"}],"curies":[{"name":"wp","href":"https:\/\/api.w.org\/{rel}","templated":true}]}}