{"id":9846,"date":"2026-04-11T08:16:17","date_gmt":"2026-04-11T05:16:17","guid":{"rendered":"https:\/\/ozince.com\/magaza\/kategorilenmemis\/kle-393600-radyator-klima-astra-h-04-10-1-3cdti-1-9cdti-kisa-tip-390x390x16mm\/"},"modified":"2026-04-11T08:16:18","modified_gmt":"2026-04-11T05:16:18","slug":"kle-393600-radyator-klima-astra-h-04-10-1-3cdti-1-9cdti-kisa-tip-390x390x16mm","status":"publish","type":"product","link":"https:\/\/ozince.com\/magaza\/motor-sogutma-ve-radyator-urunleri\/kle-393600-radyator-klima-astra-h-04-10-1-3cdti-1-9cdti-kisa-tip-390x390x16mm\/","title":{"rendered":"KLE-393600 RADYAT\u00d6R KL\u0130MA ASTRA H 04-10 1.3CDTI-1.9CDTI KISA T\u0130P 390X390X16mm"},"content":{"rendered":"","protected":false},"excerpt":{"rendered":"","protected":false},"featured_media":0,"template":"","meta":[],"product_brand":[328],"product_cat":[324],"product_tag":[378],"class_list":{"0":"post-9846","1":"product","2":"type-product","3":"status-publish","5":"arac_markasi_modeli-astra-h","6":"arac_markasi_modeli-opel","7":"product_brand-kale","8":"product_cat-motor-sogutma-ve-radyator-urunleri","9":"product_tag-altay","11":"first","12":"instock","13":"taxable","14":"shipping-taxable","15":"purchasable","16":"product-type-simple"},"jetpack_sharing_enabled":true,"_links":{"self":[{"href":"https:\/\/ozince.com\/magaza\/wp-json\/wp\/v2\/product\/9846","targetHints":{"allow":["GET"]}}],"collection":[{"href":"https:\/\/ozince.com\/magaza\/wp-json\/wp\/v2\/product"}],"about":[{"href":"https:\/\/ozince.com\/magaza\/wp-json\/wp\/v2\/types\/product"}],"wp:attachment":[{"href":"https:\/\/ozince.com\/magaza\/wp-json\/wp\/v2\/media?parent=9846"}],"wp:term":[{"taxonomy":"product_brand","embeddable":true,"href":"https:\/\/ozince.com\/magaza\/wp-json\/wp\/v2\/product_brand?post=9846"},{"taxonomy":"product_cat","embeddable":true,"href":"https:\/\/ozince.com\/magaza\/wp-json\/wp\/v2\/product_cat?post=9846"},{"taxonomy":"product_tag","embeddable":true,"href":"https:\/\/ozince.com\/magaza\/wp-json\/wp\/v2\/product_tag?post=9846"}],"curies":[{"name":"wp","href":"https:\/\/api.w.org\/{rel}","templated":true}]}}