{"id":9843,"date":"2026-04-06T08:23:15","date_gmt":"2026-04-06T05:23:15","guid":{"rendered":"https:\/\/ozince.com\/magaza\/kategorilenmemis\/mhr-50011-yag-filtresi-astra-k-insignia-b-d15dvh-f15dvh-d15dvc-f15dvc\/"},"modified":"2026-04-06T08:23:16","modified_gmt":"2026-04-06T05:23:16","slug":"flt-oe684-2-yag-filtresi-astra-k-insignia-b-d15dvh-f15dvh-d15dvc-f15dvc","status":"publish","type":"product","link":"https:\/\/ozince.com\/magaza\/periyodik-bakim-ve-filtre-urunleri\/flt-oe684-2-yag-filtresi-astra-k-insignia-b-d15dvh-f15dvh-d15dvc-f15dvc\/","title":{"rendered":"FLT-OE684\/2 YA\u011e F\u0130LTRES\u0130 ASTRA K \/ INSIGNIA B  D15DVH-F15DVH-D15DVC-F15DVC"},"content":{"rendered":"","protected":false},"excerpt":{"rendered":"","protected":false},"featured_media":13196,"template":"","meta":[],"product_brand":[196],"product_cat":[352],"product_tag":[378],"class_list":{"0":"post-9843","1":"product","2":"type-product","3":"status-publish","4":"has-post-thumbnail","6":"arac_markasi_modeli-astra-k","7":"arac_markasi_modeli-insignia-b","8":"arac_markasi_modeli-opel","9":"product_brand-filtron","10":"product_cat-periyodik-bakim-ve-filtre-urunleri","11":"product_tag-altay","13":"first","14":"instock","15":"taxable","16":"shipping-taxable","17":"purchasable","18":"product-type-simple"},"jetpack_sharing_enabled":true,"_links":{"self":[{"href":"https:\/\/ozince.com\/magaza\/wp-json\/wp\/v2\/product\/9843","targetHints":{"allow":["GET"]}}],"collection":[{"href":"https:\/\/ozince.com\/magaza\/wp-json\/wp\/v2\/product"}],"about":[{"href":"https:\/\/ozince.com\/magaza\/wp-json\/wp\/v2\/types\/product"}],"wp:featuredmedia":[{"embeddable":true,"href":"https:\/\/ozince.com\/magaza\/wp-json\/wp\/v2\/media\/13196"}],"wp:attachment":[{"href":"https:\/\/ozince.com\/magaza\/wp-json\/wp\/v2\/media?parent=9843"}],"wp:term":[{"taxonomy":"product_brand","embeddable":true,"href":"https:\/\/ozince.com\/magaza\/wp-json\/wp\/v2\/product_brand?post=9843"},{"taxonomy":"product_cat","embeddable":true,"href":"https:\/\/ozince.com\/magaza\/wp-json\/wp\/v2\/product_cat?post=9843"},{"taxonomy":"product_tag","embeddable":true,"href":"https:\/\/ozince.com\/magaza\/wp-json\/wp\/v2\/product_tag?post=9843"}],"curies":[{"name":"wp","href":"https:\/\/api.w.org\/{rel}","templated":true}]}}