{"id":9832,"date":"2026-04-08T08:12:57","date_gmt":"2026-04-08T05:12:57","guid":{"rendered":"https:\/\/ozince.com\/magaza\/kategorilenmemis\/fae-12438-musur-yag-astra-h-corsa-d-meriva-a-vectra-c-zafira-c-cruze-1-7-03\/"},"modified":"2026-04-08T08:12:58","modified_gmt":"2026-04-08T05:12:58","slug":"fae-12438-musur-yag-astra-h-corsa-d-meriva-a-vectra-c-zafira-c-cruze-1-7-03","status":"publish","type":"product","link":"https:\/\/ozince.com\/magaza\/sensor-ve-elektrik-urunleri\/fae-12438-musur-yag-astra-h-corsa-d-meriva-a-vectra-c-zafira-c-cruze-1-7-03\/","title":{"rendered":"FAE-12438 M\u00dc\u015e\u00dcR YA\u011e ASTRA H \/ CORSA D \/ MERIVA A \/ VECTRA C \/ ZAFIRA C \/ CRUZE 1.7 03 ="},"content":{"rendered":"","protected":false},"excerpt":{"rendered":"","protected":false},"featured_media":13932,"template":"","meta":[],"product_brand":[428],"product_cat":[374],"product_tag":[378],"class_list":{"0":"post-9832","1":"product","2":"type-product","3":"status-publish","4":"has-post-thumbnail","6":"arac_markasi_modeli-astra-h","7":"arac_markasi_modeli-corsa-d","8":"arac_markasi_modeli-meriva","9":"arac_markasi_modeli-meriva-a","10":"arac_markasi_modeli-opel","11":"arac_markasi_modeli-vectra-c","12":"arac_markasi_modeli-zafira-c","13":"product_brand-fae","14":"product_cat-sensor-ve-elektrik-urunleri","15":"product_tag-altay","17":"first","18":"outofstock","19":"taxable","20":"shipping-taxable","21":"purchasable","22":"product-type-simple"},"jetpack_sharing_enabled":true,"_links":{"self":[{"href":"https:\/\/ozince.com\/magaza\/wp-json\/wp\/v2\/product\/9832","targetHints":{"allow":["GET"]}}],"collection":[{"href":"https:\/\/ozince.com\/magaza\/wp-json\/wp\/v2\/product"}],"about":[{"href":"https:\/\/ozince.com\/magaza\/wp-json\/wp\/v2\/types\/product"}],"wp:featuredmedia":[{"embeddable":true,"href":"https:\/\/ozince.com\/magaza\/wp-json\/wp\/v2\/media\/13932"}],"wp:attachment":[{"href":"https:\/\/ozince.com\/magaza\/wp-json\/wp\/v2\/media?parent=9832"}],"wp:term":[{"taxonomy":"product_brand","embeddable":true,"href":"https:\/\/ozince.com\/magaza\/wp-json\/wp\/v2\/product_brand?post=9832"},{"taxonomy":"product_cat","embeddable":true,"href":"https:\/\/ozince.com\/magaza\/wp-json\/wp\/v2\/product_cat?post=9832"},{"taxonomy":"product_tag","embeddable":true,"href":"https:\/\/ozince.com\/magaza\/wp-json\/wp\/v2\/product_tag?post=9832"}],"curies":[{"name":"wp","href":"https:\/\/api.w.org\/{rel}","templated":true}]}}