{"id":9829,"date":"2025-10-14T14:10:24","date_gmt":"2025-10-14T11:10:24","guid":{"rendered":"https:\/\/ozince.com\/magaza\/kategorilenmemis\/ytt-11795-hortum-kalorifer-giris-vectra-c-signum\/"},"modified":"2025-10-14T14:10:25","modified_gmt":"2025-10-14T11:10:25","slug":"ytt-11795-hortum-kalorifer-giris-vectra-c-signum","status":"publish","type":"product","link":"https:\/\/ozince.com\/magaza\/motor-sogutma-ve-radyator-urunleri\/ytt-11795-hortum-kalorifer-giris-vectra-c-signum\/","title":{"rendered":"YTT-11795 HORTUM KALOR\u0130FER G\u0130R\u0130\u015e VECTRA C \/ SIGNUM"},"content":{"rendered":"","protected":false},"excerpt":{"rendered":"","protected":false},"featured_media":0,"template":"","meta":[],"product_brand":[413],"product_cat":[324],"product_tag":[378],"class_list":{"0":"post-9829","1":"product","2":"type-product","3":"status-publish","5":"arac_markasi_modeli-opel","6":"arac_markasi_modeli-vectra-c","7":"product_brand-ytt","8":"product_cat-motor-sogutma-ve-radyator-urunleri","9":"product_tag-altay","11":"first","12":"outofstock","13":"taxable","14":"shipping-taxable","15":"purchasable","16":"product-type-simple"},"jetpack_sharing_enabled":true,"_links":{"self":[{"href":"https:\/\/ozince.com\/magaza\/wp-json\/wp\/v2\/product\/9829","targetHints":{"allow":["GET"]}}],"collection":[{"href":"https:\/\/ozince.com\/magaza\/wp-json\/wp\/v2\/product"}],"about":[{"href":"https:\/\/ozince.com\/magaza\/wp-json\/wp\/v2\/types\/product"}],"wp:attachment":[{"href":"https:\/\/ozince.com\/magaza\/wp-json\/wp\/v2\/media?parent=9829"}],"wp:term":[{"taxonomy":"product_brand","embeddable":true,"href":"https:\/\/ozince.com\/magaza\/wp-json\/wp\/v2\/product_brand?post=9829"},{"taxonomy":"product_cat","embeddable":true,"href":"https:\/\/ozince.com\/magaza\/wp-json\/wp\/v2\/product_cat?post=9829"},{"taxonomy":"product_tag","embeddable":true,"href":"https:\/\/ozince.com\/magaza\/wp-json\/wp\/v2\/product_tag?post=9829"}],"curies":[{"name":"wp","href":"https:\/\/api.w.org\/{rel}","templated":true}]}}