{"id":9786,"date":"2026-04-15T08:16:30","date_gmt":"2026-04-15T05:16:30","guid":{"rendered":"https:\/\/ozince.com\/magaza\/kategorilenmemis\/win-0500621-hortum-enjektor-geri-donus-vectra-c-04-09-1-9-cdti-plastik-cikis\/"},"modified":"2026-04-15T08:16:31","modified_gmt":"2026-04-15T05:16:31","slug":"win-0500621-hortum-enjektor-geri-donus-vectra-c-04-09-1-9-cdti-plastik-cikis","status":"publish","type":"product","link":"https:\/\/ozince.com\/magaza\/motor-sogutma-ve-radyator-urunleri\/win-0500621-hortum-enjektor-geri-donus-vectra-c-04-09-1-9-cdti-plastik-cikis\/","title":{"rendered":"WIN-0500621 HORTUM ENJEKT\u00d6R GER\u0130 D\u00d6N\u00dc\u015e VECTRA C 04-09 1.9 CDTI (PLAST\u0130K \u00c7IKI\u015e)"},"content":{"rendered":"","protected":false},"excerpt":{"rendered":"","protected":false},"featured_media":0,"template":"","meta":[],"product_brand":[423],"product_cat":[324],"product_tag":[378],"class_list":{"0":"post-9786","1":"product","2":"type-product","3":"status-publish","5":"arac_markasi_modeli-opel","6":"arac_markasi_modeli-vectra-c","7":"product_brand-wintech","8":"product_cat-motor-sogutma-ve-radyator-urunleri","9":"product_tag-altay","11":"first","12":"instock","13":"taxable","14":"shipping-taxable","15":"purchasable","16":"product-type-simple"},"jetpack_sharing_enabled":true,"_links":{"self":[{"href":"https:\/\/ozince.com\/magaza\/wp-json\/wp\/v2\/product\/9786","targetHints":{"allow":["GET"]}}],"collection":[{"href":"https:\/\/ozince.com\/magaza\/wp-json\/wp\/v2\/product"}],"about":[{"href":"https:\/\/ozince.com\/magaza\/wp-json\/wp\/v2\/types\/product"}],"wp:attachment":[{"href":"https:\/\/ozince.com\/magaza\/wp-json\/wp\/v2\/media?parent=9786"}],"wp:term":[{"taxonomy":"product_brand","embeddable":true,"href":"https:\/\/ozince.com\/magaza\/wp-json\/wp\/v2\/product_brand?post=9786"},{"taxonomy":"product_cat","embeddable":true,"href":"https:\/\/ozince.com\/magaza\/wp-json\/wp\/v2\/product_cat?post=9786"},{"taxonomy":"product_tag","embeddable":true,"href":"https:\/\/ozince.com\/magaza\/wp-json\/wp\/v2\/product_tag?post=9786"}],"curies":[{"name":"wp","href":"https:\/\/api.w.org\/{rel}","templated":true}]}}