{"id":9782,"date":"2026-04-06T08:20:29","date_gmt":"2026-04-06T05:20:29","guid":{"rendered":"https:\/\/ozince.com\/magaza\/kategorilenmemis\/ayd-05389-viraj-lastigi-corsa-c-00-06-combo-c-01-on-15mm\/"},"modified":"2026-04-06T08:20:30","modified_gmt":"2026-04-06T05:20:30","slug":"ayd-05389-viraj-lastigi-corsa-c-00-06-combo-c-01-on-15mm","status":"publish","type":"product","link":"https:\/\/ozince.com\/magaza\/alt-takim-urunleri\/ayd-05389-viraj-lastigi-corsa-c-00-06-combo-c-01-on-15mm\/","title":{"rendered":"AYD-05389 V\u0130RAJ LAST\u0130\u011e\u0130 CORSA C 00-06 \/ COMBO C 01= \u00d6N 15mm"},"content":{"rendered":"","protected":false},"excerpt":{"rendered":"","protected":false},"featured_media":14680,"template":"","meta":[],"product_brand":[235],"product_cat":[382],"product_tag":[378],"class_list":{"0":"post-9782","1":"product","2":"type-product","3":"status-publish","4":"has-post-thumbnail","6":"arac_markasi_modeli-combo-c","7":"arac_markasi_modeli-corsa-c","8":"arac_markasi_modeli-opel","9":"product_brand-ayd","10":"product_cat-alt-takim-urunleri","11":"product_tag-altay","13":"first","14":"instock","15":"taxable","16":"shipping-taxable","17":"purchasable","18":"product-type-simple"},"jetpack_sharing_enabled":true,"_links":{"self":[{"href":"https:\/\/ozince.com\/magaza\/wp-json\/wp\/v2\/product\/9782","targetHints":{"allow":["GET"]}}],"collection":[{"href":"https:\/\/ozince.com\/magaza\/wp-json\/wp\/v2\/product"}],"about":[{"href":"https:\/\/ozince.com\/magaza\/wp-json\/wp\/v2\/types\/product"}],"wp:featuredmedia":[{"embeddable":true,"href":"https:\/\/ozince.com\/magaza\/wp-json\/wp\/v2\/media\/14680"}],"wp:attachment":[{"href":"https:\/\/ozince.com\/magaza\/wp-json\/wp\/v2\/media?parent=9782"}],"wp:term":[{"taxonomy":"product_brand","embeddable":true,"href":"https:\/\/ozince.com\/magaza\/wp-json\/wp\/v2\/product_brand?post=9782"},{"taxonomy":"product_cat","embeddable":true,"href":"https:\/\/ozince.com\/magaza\/wp-json\/wp\/v2\/product_cat?post=9782"},{"taxonomy":"product_tag","embeddable":true,"href":"https:\/\/ozince.com\/magaza\/wp-json\/wp\/v2\/product_tag?post=9782"}],"curies":[{"name":"wp","href":"https:\/\/api.w.org\/{rel}","templated":true}]}}