{"id":9757,"date":"2026-04-06T08:20:24","date_gmt":"2026-04-06T05:20:24","guid":{"rendered":"https:\/\/ozince.com\/magaza\/kategorilenmemis\/tyv-vm982ebhps-bsr-ayna-dis-dikiz-opel-crossland-x-17elektrikli-katlanir-astarli-isitmalisag\/"},"modified":"2026-04-06T08:20:26","modified_gmt":"2026-04-06T05:20:26","slug":"tyv-vm982ebhps-bsr-ayna-dis-dikiz-opel-crossland-x-17elektrikli-katlanir-astarli-isitmalisag","status":"publish","type":"product","link":"https:\/\/ozince.com\/magaza\/aksesuar-urunleri\/tyv-vm982ebhps-bsr-ayna-dis-dikiz-opel-crossland-x-17elektrikli-katlanir-astarli-isitmalisag\/","title":{"rendered":"TYV-VM982EBHPS-BSR AYNA DI\u015e D\u0130K\u0130Z OPEL CROSSLAND X 17=(ELEKTR\u0130KL\u0130 KATLANIR-ASTARLI-ISITMALI)SA\u011e"},"content":{"rendered":"","protected":false},"excerpt":{"rendered":"","protected":false},"featured_media":15737,"template":"","meta":[],"product_brand":[431],"product_cat":[401],"product_tag":[378],"class_list":{"0":"post-9757","1":"product","2":"type-product","3":"status-publish","4":"has-post-thumbnail","6":"arac_markasi_modeli-crossland-x","7":"arac_markasi_modeli-opel","8":"product_brand-viewmax","9":"product_cat-aksesuar-urunleri","10":"product_tag-altay","12":"first","13":"instock","14":"taxable","15":"shipping-taxable","16":"purchasable","17":"product-type-simple"},"jetpack_sharing_enabled":true,"_links":{"self":[{"href":"https:\/\/ozince.com\/magaza\/wp-json\/wp\/v2\/product\/9757","targetHints":{"allow":["GET"]}}],"collection":[{"href":"https:\/\/ozince.com\/magaza\/wp-json\/wp\/v2\/product"}],"about":[{"href":"https:\/\/ozince.com\/magaza\/wp-json\/wp\/v2\/types\/product"}],"wp:featuredmedia":[{"embeddable":true,"href":"https:\/\/ozince.com\/magaza\/wp-json\/wp\/v2\/media\/15737"}],"wp:attachment":[{"href":"https:\/\/ozince.com\/magaza\/wp-json\/wp\/v2\/media?parent=9757"}],"wp:term":[{"taxonomy":"product_brand","embeddable":true,"href":"https:\/\/ozince.com\/magaza\/wp-json\/wp\/v2\/product_brand?post=9757"},{"taxonomy":"product_cat","embeddable":true,"href":"https:\/\/ozince.com\/magaza\/wp-json\/wp\/v2\/product_cat?post=9757"},{"taxonomy":"product_tag","embeddable":true,"href":"https:\/\/ozince.com\/magaza\/wp-json\/wp\/v2\/product_tag?post=9757"}],"curies":[{"name":"wp","href":"https:\/\/api.w.org\/{rel}","templated":true}]}}