{"id":9747,"date":"2026-04-06T08:24:24","date_gmt":"2026-04-06T05:24:24","guid":{"rendered":"https:\/\/ozince.com\/magaza\/kategorilenmemis\/mnd-eeog0004y-yag-filtresi-astra-g-vectra-b-vectra-c-96-04-x20dth-y20dth-x20dtl-y20dtl-y22dtr\/"},"modified":"2026-04-06T08:24:25","modified_gmt":"2026-04-06T05:24:25","slug":"ufi-25-003-00-yag-filtresi-astra-g-vectra-b-vectra-c-96-04-x20dth-y20dth-x20dtl-y20dtl-y22dtr","status":"publish","type":"product","link":"https:\/\/ozince.com\/magaza\/periyodik-bakim-ve-filtre-urunleri\/ufi-25-003-00-yag-filtresi-astra-g-vectra-b-vectra-c-96-04-x20dth-y20dth-x20dtl-y20dtl-y22dtr\/","title":{"rendered":"UFI-25.003.00 YA\u011e F\u0130LTRES\u0130 ASTRA G \/ VECTRA B \/ VECTRA C 96-04 X20DTH-Y20DTH-X20DTL-Y20DTL-Y22DTR"},"content":{"rendered":"","protected":false},"excerpt":{"rendered":"","protected":false},"featured_media":13209,"template":"","meta":[],"product_brand":[442],"product_cat":[352],"product_tag":[378],"class_list":{"0":"post-9747","1":"product","2":"type-product","3":"status-publish","4":"has-post-thumbnail","6":"arac_markasi_modeli-astra-g","7":"arac_markasi_modeli-opel","8":"arac_markasi_modeli-vectra-b","9":"arac_markasi_modeli-vectra-c","10":"product_brand-ufi","11":"product_cat-periyodik-bakim-ve-filtre-urunleri","12":"product_tag-altay","14":"first","15":"instock","16":"taxable","17":"shipping-taxable","18":"purchasable","19":"product-type-simple"},"jetpack_sharing_enabled":true,"_links":{"self":[{"href":"https:\/\/ozince.com\/magaza\/wp-json\/wp\/v2\/product\/9747","targetHints":{"allow":["GET"]}}],"collection":[{"href":"https:\/\/ozince.com\/magaza\/wp-json\/wp\/v2\/product"}],"about":[{"href":"https:\/\/ozince.com\/magaza\/wp-json\/wp\/v2\/types\/product"}],"wp:featuredmedia":[{"embeddable":true,"href":"https:\/\/ozince.com\/magaza\/wp-json\/wp\/v2\/media\/13209"}],"wp:attachment":[{"href":"https:\/\/ozince.com\/magaza\/wp-json\/wp\/v2\/media?parent=9747"}],"wp:term":[{"taxonomy":"product_brand","embeddable":true,"href":"https:\/\/ozince.com\/magaza\/wp-json\/wp\/v2\/product_brand?post=9747"},{"taxonomy":"product_cat","embeddable":true,"href":"https:\/\/ozince.com\/magaza\/wp-json\/wp\/v2\/product_cat?post=9747"},{"taxonomy":"product_tag","embeddable":true,"href":"https:\/\/ozince.com\/magaza\/wp-json\/wp\/v2\/product_tag?post=9747"}],"curies":[{"name":"wp","href":"https:\/\/api.w.org\/{rel}","templated":true}]}}