{"id":9745,"date":"2026-04-07T08:18:15","date_gmt":"2026-04-07T05:18:15","guid":{"rendered":"https:\/\/ozince.com\/magaza\/kategorilenmemis\/chm-baea344-atesleme-bobini-vectra-b-95-03-2-0-astra-f-91-98-2-0-astra-g-98-05-2-0-16v-vectra-a-88-95-2-0\/"},"modified":"2026-04-07T08:18:16","modified_gmt":"2026-04-07T05:18:16","slug":"chm-baea344-atesleme-bobini-vectra-b-95-03-2-0-astra-f-91-98-2-0-astra-g-98-05-2-0-16v-vectra-a-88-95-2-0","status":"publish","type":"product","link":"https:\/\/ozince.com\/magaza\/sensor-ve-elektrik-urunleri\/chm-baea344-atesleme-bobini-vectra-b-95-03-2-0-astra-f-91-98-2-0-astra-g-98-05-2-0-16v-vectra-a-88-95-2-0\/","title":{"rendered":"CHM-BAEA344 ATE\u015eLEME BOB\u0130N\u0130 VECTRA B 95-03 2.0 \/ ASTRA F 91-98 2.0 \/ ASTRA G 98-05 2.0 16V \/ VECTRA A 88-95 2.0"},"content":{"rendered":"","protected":false},"excerpt":{"rendered":"","protected":false},"featured_media":13743,"template":"","meta":[],"product_brand":[465],"product_cat":[374],"product_tag":[378],"class_list":{"0":"post-9745","1":"product","2":"type-product","3":"status-publish","4":"has-post-thumbnail","6":"arac_markasi_modeli-astra-f","7":"arac_markasi_modeli-astra-g","8":"arac_markasi_modeli-opel","9":"arac_markasi_modeli-vectra-a","10":"arac_markasi_modeli-vectra-b","11":"product_brand-champion","12":"product_cat-sensor-ve-elektrik-urunleri","13":"product_tag-altay","15":"first","16":"instock","17":"taxable","18":"shipping-taxable","19":"purchasable","20":"product-type-simple"},"jetpack_sharing_enabled":true,"_links":{"self":[{"href":"https:\/\/ozince.com\/magaza\/wp-json\/wp\/v2\/product\/9745","targetHints":{"allow":["GET"]}}],"collection":[{"href":"https:\/\/ozince.com\/magaza\/wp-json\/wp\/v2\/product"}],"about":[{"href":"https:\/\/ozince.com\/magaza\/wp-json\/wp\/v2\/types\/product"}],"wp:featuredmedia":[{"embeddable":true,"href":"https:\/\/ozince.com\/magaza\/wp-json\/wp\/v2\/media\/13743"}],"wp:attachment":[{"href":"https:\/\/ozince.com\/magaza\/wp-json\/wp\/v2\/media?parent=9745"}],"wp:term":[{"taxonomy":"product_brand","embeddable":true,"href":"https:\/\/ozince.com\/magaza\/wp-json\/wp\/v2\/product_brand?post=9745"},{"taxonomy":"product_cat","embeddable":true,"href":"https:\/\/ozince.com\/magaza\/wp-json\/wp\/v2\/product_cat?post=9745"},{"taxonomy":"product_tag","embeddable":true,"href":"https:\/\/ozince.com\/magaza\/wp-json\/wp\/v2\/product_tag?post=9745"}],"curies":[{"name":"wp","href":"https:\/\/api.w.org\/{rel}","templated":true}]}}