{"id":9743,"date":"2026-04-29T08:24:08","date_gmt":"2026-04-29T05:24:08","guid":{"rendered":"https:\/\/ozince.com\/magaza\/kategorilenmemis\/tpr-202162002-musur-geri-vites-astra-f-astra-g-corsa-b-corsa-c-vectra-a-b-kalos-aveo-lacetti-rezzo-evanda-92\/"},"modified":"2026-04-29T08:24:08","modified_gmt":"2026-04-29T05:24:08","slug":"fae-40830-musur-geri-vites-astra-f-astra-g-corsa-b-corsa-c-vectra-a-b-kalos-aveo-lacetti-rezzo-evanda-92","status":"publish","type":"product","link":"https:\/\/ozince.com\/magaza\/sensor-ve-elektrik-urunleri\/fae-40830-musur-geri-vites-astra-f-astra-g-corsa-b-corsa-c-vectra-a-b-kalos-aveo-lacetti-rezzo-evanda-92\/","title":{"rendered":"FAE-40830 M\u00dc\u015e\u00dcR GER\u0130 V\u0130TES ASTRA F \/ ASTRA G \/ CORSA B \/ CORSA C \/ VECTRA A-B \/ KALOS \/ AVEO \/ LACETT\u0130 \/ REZZO \/ EVANDA 92="},"content":{"rendered":"","protected":false},"excerpt":{"rendered":"","protected":false},"featured_media":12329,"template":"","meta":[],"product_brand":[428],"product_cat":[374],"product_tag":[378],"class_list":{"0":"post-9743","1":"product","2":"type-product","3":"status-publish","4":"has-post-thumbnail","6":"arac_markasi_modeli-astra-f","7":"arac_markasi_modeli-astra-g","8":"arac_markasi_modeli-corsa-b","9":"arac_markasi_modeli-corsa-c","10":"arac_markasi_modeli-opel","11":"arac_markasi_modeli-vectra-a","12":"product_brand-fae","13":"product_cat-sensor-ve-elektrik-urunleri","14":"product_tag-altay","16":"first","17":"outofstock","18":"taxable","19":"shipping-taxable","20":"purchasable","21":"product-type-simple"},"jetpack_sharing_enabled":true,"_links":{"self":[{"href":"https:\/\/ozince.com\/magaza\/wp-json\/wp\/v2\/product\/9743","targetHints":{"allow":["GET"]}}],"collection":[{"href":"https:\/\/ozince.com\/magaza\/wp-json\/wp\/v2\/product"}],"about":[{"href":"https:\/\/ozince.com\/magaza\/wp-json\/wp\/v2\/types\/product"}],"wp:featuredmedia":[{"embeddable":true,"href":"https:\/\/ozince.com\/magaza\/wp-json\/wp\/v2\/media\/12329"}],"wp:attachment":[{"href":"https:\/\/ozince.com\/magaza\/wp-json\/wp\/v2\/media?parent=9743"}],"wp:term":[{"taxonomy":"product_brand","embeddable":true,"href":"https:\/\/ozince.com\/magaza\/wp-json\/wp\/v2\/product_brand?post=9743"},{"taxonomy":"product_cat","embeddable":true,"href":"https:\/\/ozince.com\/magaza\/wp-json\/wp\/v2\/product_cat?post=9743"},{"taxonomy":"product_tag","embeddable":true,"href":"https:\/\/ozince.com\/magaza\/wp-json\/wp\/v2\/product_tag?post=9743"}],"curies":[{"name":"wp","href":"https:\/\/api.w.org\/{rel}","templated":true}]}}