{"id":9728,"date":"2025-10-14T14:09:36","date_gmt":"2025-10-14T11:09:36","guid":{"rendered":"https:\/\/ozince.com\/magaza\/kategorilenmemis\/ytt-1513-vites-korugu-astra-g-98-08\/"},"modified":"2025-11-25T17:53:53","modified_gmt":"2025-11-25T14:53:53","slug":"ytt-1513-vites-korugu-astra-g-98-08","status":"publish","type":"product","link":"https:\/\/ozince.com\/magaza\/aks-urunleri\/ytt-1513-vites-korugu-astra-g-98-08\/","title":{"rendered":"YTT-1513 V\u0130TES K\u00d6R\u00dc\u011e\u00dc ASTRA G 98-08"},"content":{"rendered":"","protected":false},"excerpt":{"rendered":"","protected":false},"featured_media":13439,"template":"","meta":[],"product_brand":[413],"product_cat":[379],"product_tag":[378],"class_list":{"0":"post-9728","1":"product","2":"type-product","3":"status-publish","4":"has-post-thumbnail","6":"arac_markasi_modeli-astra-g","7":"arac_markasi_modeli-opel","8":"product_brand-ytt","9":"product_cat-aks-urunleri","10":"product_tag-altay","12":"first","13":"instock","14":"taxable","15":"shipping-taxable","16":"purchasable","17":"product-type-simple"},"jetpack_sharing_enabled":true,"_links":{"self":[{"href":"https:\/\/ozince.com\/magaza\/wp-json\/wp\/v2\/product\/9728","targetHints":{"allow":["GET"]}}],"collection":[{"href":"https:\/\/ozince.com\/magaza\/wp-json\/wp\/v2\/product"}],"about":[{"href":"https:\/\/ozince.com\/magaza\/wp-json\/wp\/v2\/types\/product"}],"wp:featuredmedia":[{"embeddable":true,"href":"https:\/\/ozince.com\/magaza\/wp-json\/wp\/v2\/media\/13439"}],"wp:attachment":[{"href":"https:\/\/ozince.com\/magaza\/wp-json\/wp\/v2\/media?parent=9728"}],"wp:term":[{"taxonomy":"product_brand","embeddable":true,"href":"https:\/\/ozince.com\/magaza\/wp-json\/wp\/v2\/product_brand?post=9728"},{"taxonomy":"product_cat","embeddable":true,"href":"https:\/\/ozince.com\/magaza\/wp-json\/wp\/v2\/product_cat?post=9728"},{"taxonomy":"product_tag","embeddable":true,"href":"https:\/\/ozince.com\/magaza\/wp-json\/wp\/v2\/product_tag?post=9728"}],"curies":[{"name":"wp","href":"https:\/\/api.w.org\/{rel}","templated":true}]}}