{"id":9724,"date":"2026-04-05T08:14:32","date_gmt":"2026-04-05T05:14:32","guid":{"rendered":"https:\/\/ozince.com\/magaza\/kategorilenmemis\/trw-bwd119a-fren-silindiri-astra-f-91-98-1-6-dokum-1905mm-arka-sol-sag-aluminyum\/"},"modified":"2026-04-05T08:14:33","modified_gmt":"2026-04-05T05:14:33","slug":"trw-bwd119a-fren-silindiri-astra-f-91-98-1-6-dokum-1905mm-arka-sol-sag-aluminyum","status":"publish","type":"product","link":"https:\/\/ozince.com\/magaza\/fren-sistemi-urunleri\/trw-bwd119a-fren-silindiri-astra-f-91-98-1-6-dokum-1905mm-arka-sol-sag-aluminyum\/","title":{"rendered":"TRW-BWD119A FREN S\u0130L\u0130ND\u0130R\u0130 ASTRA F 91-98 1.6 D\u00d6K\u00dcM 19,05mm ARKA SOL-SA\u011e ALUM\u0130NYUM"},"content":{"rendered":"","protected":false},"excerpt":{"rendered":"","protected":false},"featured_media":0,"template":"","meta":[],"product_brand":[294],"product_cat":[257],"product_tag":[378],"class_list":{"0":"post-9724","1":"product","2":"type-product","3":"status-publish","5":"arac_markasi_modeli-astra-f","6":"arac_markasi_modeli-opel","7":"product_brand-trw","8":"product_cat-fren-sistemi-urunleri","9":"product_tag-altay","11":"first","12":"outofstock","13":"taxable","14":"shipping-taxable","15":"purchasable","16":"product-type-simple"},"jetpack_sharing_enabled":true,"_links":{"self":[{"href":"https:\/\/ozince.com\/magaza\/wp-json\/wp\/v2\/product\/9724","targetHints":{"allow":["GET"]}}],"collection":[{"href":"https:\/\/ozince.com\/magaza\/wp-json\/wp\/v2\/product"}],"about":[{"href":"https:\/\/ozince.com\/magaza\/wp-json\/wp\/v2\/types\/product"}],"wp:attachment":[{"href":"https:\/\/ozince.com\/magaza\/wp-json\/wp\/v2\/media?parent=9724"}],"wp:term":[{"taxonomy":"product_brand","embeddable":true,"href":"https:\/\/ozince.com\/magaza\/wp-json\/wp\/v2\/product_brand?post=9724"},{"taxonomy":"product_cat","embeddable":true,"href":"https:\/\/ozince.com\/magaza\/wp-json\/wp\/v2\/product_cat?post=9724"},{"taxonomy":"product_tag","embeddable":true,"href":"https:\/\/ozince.com\/magaza\/wp-json\/wp\/v2\/product_tag?post=9724"}],"curies":[{"name":"wp","href":"https:\/\/api.w.org\/{rel}","templated":true}]}}