{"id":9717,"date":"2026-04-30T08:21:15","date_gmt":"2026-04-30T05:21:15","guid":{"rendered":"https:\/\/ozince.com\/magaza\/kategorilenmemis\/mhr-31726-kaput-izolatoru-corsa-e-corsa-f\/"},"modified":"2026-04-30T08:21:15","modified_gmt":"2026-04-30T05:21:15","slug":"mhr-31726-kaput-izolatoru-corsa-e-corsa-f","status":"publish","type":"product","link":"https:\/\/ozince.com\/magaza\/karoseri-ve-kaporta-urunleri\/mhr-31726-kaput-izolatoru-corsa-e-corsa-f\/","title":{"rendered":"MHR-31726 KAPUT \u0130ZOLAT\u00d6R\u00dc CORSA E \/ CORSA F"},"content":{"rendered":"","protected":false},"excerpt":{"rendered":"","protected":false},"featured_media":0,"template":"","meta":[],"product_brand":[288],"product_cat":[351],"product_tag":[378],"class_list":{"0":"post-9717","1":"product","2":"type-product","3":"status-publish","5":"arac_markasi_modeli-corsa-e","6":"arac_markasi_modeli-corsa-f","7":"arac_markasi_modeli-opel","8":"product_brand-maher","9":"product_cat-karoseri-ve-kaporta-urunleri","10":"product_tag-altay","12":"first","13":"instock","14":"taxable","15":"shipping-taxable","16":"purchasable","17":"product-type-simple"},"jetpack_sharing_enabled":true,"_links":{"self":[{"href":"https:\/\/ozince.com\/magaza\/wp-json\/wp\/v2\/product\/9717","targetHints":{"allow":["GET"]}}],"collection":[{"href":"https:\/\/ozince.com\/magaza\/wp-json\/wp\/v2\/product"}],"about":[{"href":"https:\/\/ozince.com\/magaza\/wp-json\/wp\/v2\/types\/product"}],"wp:attachment":[{"href":"https:\/\/ozince.com\/magaza\/wp-json\/wp\/v2\/media?parent=9717"}],"wp:term":[{"taxonomy":"product_brand","embeddable":true,"href":"https:\/\/ozince.com\/magaza\/wp-json\/wp\/v2\/product_brand?post=9717"},{"taxonomy":"product_cat","embeddable":true,"href":"https:\/\/ozince.com\/magaza\/wp-json\/wp\/v2\/product_cat?post=9717"},{"taxonomy":"product_tag","embeddable":true,"href":"https:\/\/ozince.com\/magaza\/wp-json\/wp\/v2\/product_tag?post=9717"}],"curies":[{"name":"wp","href":"https:\/\/api.w.org\/{rel}","templated":true}]}}