{"id":9698,"date":"2026-04-07T08:18:06","date_gmt":"2026-04-07T05:18:06","guid":{"rendered":"https:\/\/ozince.com\/magaza\/kategorilenmemis\/est-36043-eksantrik-mili-astra-f-vectra-a-vectra-b-omega-b-frontera-b-x20xev-x22xev-emme\/"},"modified":"2026-04-07T08:18:08","modified_gmt":"2026-04-07T05:18:08","slug":"est-36043-eksantrik-mili-astra-f-vectra-a-vectra-b-omega-b-frontera-b-x20xev-x22xev-emme","status":"publish","type":"product","link":"https:\/\/ozince.com\/magaza\/motor-mekanik-urunleri\/est-36043-eksantrik-mili-astra-f-vectra-a-vectra-b-omega-b-frontera-b-x20xev-x22xev-emme\/","title":{"rendered":"EST-36043 EKSANTR\u0130K M\u0130L\u0130 ASTRA F \/ VECTRA A \/ VECTRA B \/ OMEGA B \/ FRONTERA B X20XEV-X22XEV EMME"},"content":{"rendered":"","protected":false},"excerpt":{"rendered":"","protected":false},"featured_media":0,"template":"","meta":[],"product_brand":[447],"product_cat":[298],"product_tag":[378],"class_list":{"0":"post-9698","1":"product","2":"type-product","3":"status-publish","5":"arac_markasi_modeli-astra-f","6":"arac_markasi_modeli-frontera","7":"arac_markasi_modeli-frontera-b","8":"arac_markasi_modeli-omega-b","9":"arac_markasi_modeli-opel","10":"arac_markasi_modeli-vectra-a","11":"arac_markasi_modeli-vectra-b","12":"product_brand-estas","13":"product_cat-motor-mekanik-urunleri","14":"product_tag-altay","16":"first","17":"instock","18":"taxable","19":"shipping-taxable","20":"purchasable","21":"product-type-simple"},"jetpack_sharing_enabled":true,"_links":{"self":[{"href":"https:\/\/ozince.com\/magaza\/wp-json\/wp\/v2\/product\/9698","targetHints":{"allow":["GET"]}}],"collection":[{"href":"https:\/\/ozince.com\/magaza\/wp-json\/wp\/v2\/product"}],"about":[{"href":"https:\/\/ozince.com\/magaza\/wp-json\/wp\/v2\/types\/product"}],"wp:attachment":[{"href":"https:\/\/ozince.com\/magaza\/wp-json\/wp\/v2\/media?parent=9698"}],"wp:term":[{"taxonomy":"product_brand","embeddable":true,"href":"https:\/\/ozince.com\/magaza\/wp-json\/wp\/v2\/product_brand?post=9698"},{"taxonomy":"product_cat","embeddable":true,"href":"https:\/\/ozince.com\/magaza\/wp-json\/wp\/v2\/product_cat?post=9698"},{"taxonomy":"product_tag","embeddable":true,"href":"https:\/\/ozince.com\/magaza\/wp-json\/wp\/v2\/product_tag?post=9698"}],"curies":[{"name":"wp","href":"https:\/\/api.w.org\/{rel}","templated":true}]}}