{"id":9692,"date":"2026-05-03T08:17:29","date_gmt":"2026-05-03T05:17:29","guid":{"rendered":"https:\/\/ozince.com\/magaza\/kategorilenmemis\/snr-r15366-teker-poryasi-cruze-09-14-astra-j-15-jant-5-bijon-on-rulmanli-absli\/"},"modified":"2026-05-03T08:17:30","modified_gmt":"2026-05-03T05:17:30","slug":"snr-r15366-teker-poryasi-cruze-09-14-astra-j-15-jant-5-bijon-on-rulmanli-absli","status":"publish","type":"product","link":"https:\/\/ozince.com\/magaza\/aks-urunleri\/snr-r15366-teker-poryasi-cruze-09-14-astra-j-15-jant-5-bijon-on-rulmanli-absli\/","title":{"rendered":"SNR-R15366 TEKER PORYASI CRUZE 09-14 \/ ASTRA-J 15 JANT 5 B\u0130JON \u00d6N RULMANLI ABSL\u0130"},"content":{"rendered":"","protected":false},"excerpt":{"rendered":"","protected":false},"featured_media":14632,"template":"","meta":[],"product_brand":[308],"product_cat":[379],"product_tag":[378],"class_list":{"0":"post-9692","1":"product","2":"type-product","3":"status-publish","4":"has-post-thumbnail","6":"arac_markasi_modeli-chevrolet","7":"arac_markasi_modeli-cruze","8":"product_brand-snr","9":"product_cat-aks-urunleri","10":"product_tag-altay","12":"first","13":"instock","14":"taxable","15":"shipping-taxable","16":"purchasable","17":"product-type-simple"},"jetpack_sharing_enabled":true,"_links":{"self":[{"href":"https:\/\/ozince.com\/magaza\/wp-json\/wp\/v2\/product\/9692","targetHints":{"allow":["GET"]}}],"collection":[{"href":"https:\/\/ozince.com\/magaza\/wp-json\/wp\/v2\/product"}],"about":[{"href":"https:\/\/ozince.com\/magaza\/wp-json\/wp\/v2\/types\/product"}],"wp:featuredmedia":[{"embeddable":true,"href":"https:\/\/ozince.com\/magaza\/wp-json\/wp\/v2\/media\/14632"}],"wp:attachment":[{"href":"https:\/\/ozince.com\/magaza\/wp-json\/wp\/v2\/media?parent=9692"}],"wp:term":[{"taxonomy":"product_brand","embeddable":true,"href":"https:\/\/ozince.com\/magaza\/wp-json\/wp\/v2\/product_brand?post=9692"},{"taxonomy":"product_cat","embeddable":true,"href":"https:\/\/ozince.com\/magaza\/wp-json\/wp\/v2\/product_cat?post=9692"},{"taxonomy":"product_tag","embeddable":true,"href":"https:\/\/ozince.com\/magaza\/wp-json\/wp\/v2\/product_tag?post=9692"}],"curies":[{"name":"wp","href":"https:\/\/api.w.org\/{rel}","templated":true}]}}