{"id":9690,"date":"2026-04-06T08:20:12","date_gmt":"2026-04-06T05:20:12","guid":{"rendered":"https:\/\/ozince.com\/magaza\/kategorilenmemis\/blp-adg02150-yag-filtresi-captiva-c100-c140-antara-z22dmh-cruze-2-0cdi\/"},"modified":"2026-04-06T08:20:12","modified_gmt":"2026-04-06T05:20:12","slug":"blp-adg02150-yag-filtresi-captiva-c100-c140-antara-z22dmh-cruze-2-0cdi","status":"publish","type":"product","link":"https:\/\/ozince.com\/magaza\/periyodik-bakim-ve-filtre-urunleri\/blp-adg02150-yag-filtresi-captiva-c100-c140-antara-z22dmh-cruze-2-0cdi\/","title":{"rendered":"BLP-ADG02150 YA\u011e F\u0130LTRES\u0130 CAPT\u0130VA C100-C140 \/ ANTARA Z22DMH \/ CRUZE 2.0CD\u0130"},"content":{"rendered":"","protected":false},"excerpt":{"rendered":"","protected":false},"featured_media":13156,"template":"","meta":[],"product_brand":[416],"product_cat":[352],"product_tag":[378],"class_list":{"0":"post-9690","1":"product","2":"type-product","3":"status-publish","4":"has-post-thumbnail","6":"arac_markasi_modeli-antara","7":"arac_markasi_modeli-captiva","8":"arac_markasi_modeli-chevrolet","9":"arac_markasi_modeli-cruze","10":"product_brand-blueprin","11":"product_cat-periyodik-bakim-ve-filtre-urunleri","12":"product_tag-altay","14":"first","15":"instock","16":"taxable","17":"shipping-taxable","18":"purchasable","19":"product-type-simple"},"jetpack_sharing_enabled":true,"_links":{"self":[{"href":"https:\/\/ozince.com\/magaza\/wp-json\/wp\/v2\/product\/9690","targetHints":{"allow":["GET"]}}],"collection":[{"href":"https:\/\/ozince.com\/magaza\/wp-json\/wp\/v2\/product"}],"about":[{"href":"https:\/\/ozince.com\/magaza\/wp-json\/wp\/v2\/types\/product"}],"wp:featuredmedia":[{"embeddable":true,"href":"https:\/\/ozince.com\/magaza\/wp-json\/wp\/v2\/media\/13156"}],"wp:attachment":[{"href":"https:\/\/ozince.com\/magaza\/wp-json\/wp\/v2\/media?parent=9690"}],"wp:term":[{"taxonomy":"product_brand","embeddable":true,"href":"https:\/\/ozince.com\/magaza\/wp-json\/wp\/v2\/product_brand?post=9690"},{"taxonomy":"product_cat","embeddable":true,"href":"https:\/\/ozince.com\/magaza\/wp-json\/wp\/v2\/product_cat?post=9690"},{"taxonomy":"product_tag","embeddable":true,"href":"https:\/\/ozince.com\/magaza\/wp-json\/wp\/v2\/product_tag?post=9690"}],"curies":[{"name":"wp","href":"https:\/\/api.w.org\/{rel}","templated":true}]}}