{"id":9689,"date":"2026-04-08T08:12:39","date_gmt":"2026-04-08T05:12:39","guid":{"rendered":"https:\/\/ozince.com\/magaza\/kategorilenmemis\/flt-op570-yag-filtresi-astra-f-astra-g-corsa-b-corsa-c-vectra-b-vectra-c-96-04-1-4-1-6\/"},"modified":"2026-04-08T08:12:39","modified_gmt":"2026-04-08T05:12:39","slug":"flt-op570-yag-filtresi-astra-f-astra-g-corsa-b-corsa-c-vectra-b-vectra-c-96-04-1-4-1-6","status":"publish","type":"product","link":"https:\/\/ozince.com\/magaza\/periyodik-bakim-ve-filtre-urunleri\/flt-op570-yag-filtresi-astra-f-astra-g-corsa-b-corsa-c-vectra-b-vectra-c-96-04-1-4-1-6\/","title":{"rendered":"FLT-OP570 YA\u011e F\u0130LTRES\u0130 ASTRA F \/ ASTRA G \/ CORSA B \/ CORSA C \/ VECTRA B \/ VECTRA C 96-04 1.4-1.6"},"content":{"rendered":"","protected":false},"excerpt":{"rendered":"","protected":false},"featured_media":13198,"template":"","meta":[],"product_brand":[196],"product_cat":[352],"product_tag":[378],"class_list":{"0":"post-9689","1":"product","2":"type-product","3":"status-publish","4":"has-post-thumbnail","6":"arac_markasi_modeli-astra-f","7":"arac_markasi_modeli-astra-g","8":"arac_markasi_modeli-corsa-b","9":"arac_markasi_modeli-corsa-c","10":"arac_markasi_modeli-opel","11":"arac_markasi_modeli-vectra-b","12":"arac_markasi_modeli-vectra-c","13":"product_brand-filtron","14":"product_cat-periyodik-bakim-ve-filtre-urunleri","15":"product_tag-altay","17":"first","18":"instock","19":"taxable","20":"shipping-taxable","21":"purchasable","22":"product-type-simple"},"jetpack_sharing_enabled":true,"_links":{"self":[{"href":"https:\/\/ozince.com\/magaza\/wp-json\/wp\/v2\/product\/9689","targetHints":{"allow":["GET"]}}],"collection":[{"href":"https:\/\/ozince.com\/magaza\/wp-json\/wp\/v2\/product"}],"about":[{"href":"https:\/\/ozince.com\/magaza\/wp-json\/wp\/v2\/types\/product"}],"wp:featuredmedia":[{"embeddable":true,"href":"https:\/\/ozince.com\/magaza\/wp-json\/wp\/v2\/media\/13198"}],"wp:attachment":[{"href":"https:\/\/ozince.com\/magaza\/wp-json\/wp\/v2\/media?parent=9689"}],"wp:term":[{"taxonomy":"product_brand","embeddable":true,"href":"https:\/\/ozince.com\/magaza\/wp-json\/wp\/v2\/product_brand?post=9689"},{"taxonomy":"product_cat","embeddable":true,"href":"https:\/\/ozince.com\/magaza\/wp-json\/wp\/v2\/product_cat?post=9689"},{"taxonomy":"product_tag","embeddable":true,"href":"https:\/\/ozince.com\/magaza\/wp-json\/wp\/v2\/product_tag?post=9689"}],"curies":[{"name":"wp","href":"https:\/\/api.w.org\/{rel}","templated":true}]}}