{"id":9684,"date":"2026-04-10T08:12:05","date_gmt":"2026-04-10T05:12:05","guid":{"rendered":"https:\/\/ozince.com\/magaza\/kategorilenmemis\/est-36017-eksantrik-mili-astra-g-vectra-b-vectra-c-corsa-b-corsa-c-x14xe-x16xel-z14xe-z16xe-x16xel-emm\/"},"modified":"2026-04-10T08:12:05","modified_gmt":"2026-04-10T05:12:05","slug":"est-36017-eksantrik-mili-astra-g-vectra-b-vectra-c-corsa-b-corsa-c-x14xe-x16xel-z14xe-z16xe-x16xel-emm","status":"publish","type":"product","link":"https:\/\/ozince.com\/magaza\/motor-mekanik-urunleri\/est-36017-eksantrik-mili-astra-g-vectra-b-vectra-c-corsa-b-corsa-c-x14xe-x16xel-z14xe-z16xe-x16xel-emm\/","title":{"rendered":"EST-36017 EKSANTR\u0130K M\u0130L\u0130 ASTRA G \/ VECTRA B \/ VECTRA C \/ CORSA B \/ CORSA C X14XE-X16XEL-Z14XE-Z16XE-X16XEL EMM"},"content":{"rendered":"","protected":false},"excerpt":{"rendered":"","protected":false},"featured_media":0,"template":"","meta":[],"product_brand":[447],"product_cat":[298],"product_tag":[378],"class_list":{"0":"post-9684","1":"product","2":"type-product","3":"status-publish","5":"arac_markasi_modeli-astra-g","6":"arac_markasi_modeli-corsa-b","7":"arac_markasi_modeli-corsa-c","8":"arac_markasi_modeli-opel","9":"arac_markasi_modeli-vectra-b","10":"arac_markasi_modeli-vectra-c","11":"product_brand-estas","12":"product_cat-motor-mekanik-urunleri","13":"product_tag-altay","15":"first","16":"outofstock","17":"taxable","18":"shipping-taxable","19":"purchasable","20":"product-type-simple"},"jetpack_sharing_enabled":true,"_links":{"self":[{"href":"https:\/\/ozince.com\/magaza\/wp-json\/wp\/v2\/product\/9684","targetHints":{"allow":["GET"]}}],"collection":[{"href":"https:\/\/ozince.com\/magaza\/wp-json\/wp\/v2\/product"}],"about":[{"href":"https:\/\/ozince.com\/magaza\/wp-json\/wp\/v2\/types\/product"}],"wp:attachment":[{"href":"https:\/\/ozince.com\/magaza\/wp-json\/wp\/v2\/media?parent=9684"}],"wp:term":[{"taxonomy":"product_brand","embeddable":true,"href":"https:\/\/ozince.com\/magaza\/wp-json\/wp\/v2\/product_brand?post=9684"},{"taxonomy":"product_cat","embeddable":true,"href":"https:\/\/ozince.com\/magaza\/wp-json\/wp\/v2\/product_cat?post=9684"},{"taxonomy":"product_tag","embeddable":true,"href":"https:\/\/ozince.com\/magaza\/wp-json\/wp\/v2\/product_tag?post=9684"}],"curies":[{"name":"wp","href":"https:\/\/api.w.org\/{rel}","templated":true}]}}