{"id":9679,"date":"2026-04-28T08:03:00","date_gmt":"2026-04-28T05:03:00","guid":{"rendered":"https:\/\/ozince.com\/magaza\/kategorilenmemis\/ayd-18413-salincak-insignia-b-17-rotilli-dokum-alt-sag\/"},"modified":"2026-04-28T08:03:01","modified_gmt":"2026-04-28T05:03:01","slug":"mhr-24188-salincak-insignia-b-17-rotilli-dokum-alt-sag","status":"publish","type":"product","link":"https:\/\/ozince.com\/magaza\/alt-takim-urunleri\/mhr-24188-salincak-insignia-b-17-rotilli-dokum-alt-sag\/","title":{"rendered":"MHR-24188 SALINCAK INSIGNIA B 17= ROT\u0130LL\u0130 D\u00d6K\u00dcM ALT SA\u011e"},"content":{"rendered":"","protected":false},"excerpt":{"rendered":"","protected":false},"featured_media":15416,"template":"","meta":[],"product_brand":[288],"product_cat":[382],"product_tag":[378],"class_list":{"0":"post-9679","1":"product","2":"type-product","3":"status-publish","4":"has-post-thumbnail","6":"arac_markasi_modeli-insignia-b","7":"arac_markasi_modeli-opel","8":"product_brand-maher","9":"product_cat-alt-takim-urunleri","10":"product_tag-altay","12":"first","13":"outofstock","14":"taxable","15":"shipping-taxable","16":"purchasable","17":"product-type-simple"},"jetpack_sharing_enabled":true,"_links":{"self":[{"href":"https:\/\/ozince.com\/magaza\/wp-json\/wp\/v2\/product\/9679","targetHints":{"allow":["GET"]}}],"collection":[{"href":"https:\/\/ozince.com\/magaza\/wp-json\/wp\/v2\/product"}],"about":[{"href":"https:\/\/ozince.com\/magaza\/wp-json\/wp\/v2\/types\/product"}],"wp:featuredmedia":[{"embeddable":true,"href":"https:\/\/ozince.com\/magaza\/wp-json\/wp\/v2\/media\/15416"}],"wp:attachment":[{"href":"https:\/\/ozince.com\/magaza\/wp-json\/wp\/v2\/media?parent=9679"}],"wp:term":[{"taxonomy":"product_brand","embeddable":true,"href":"https:\/\/ozince.com\/magaza\/wp-json\/wp\/v2\/product_brand?post=9679"},{"taxonomy":"product_cat","embeddable":true,"href":"https:\/\/ozince.com\/magaza\/wp-json\/wp\/v2\/product_cat?post=9679"},{"taxonomy":"product_tag","embeddable":true,"href":"https:\/\/ozince.com\/magaza\/wp-json\/wp\/v2\/product_tag?post=9679"}],"curies":[{"name":"wp","href":"https:\/\/api.w.org\/{rel}","templated":true}]}}