{"id":9678,"date":"2026-04-08T08:12:38","date_gmt":"2026-04-08T05:12:38","guid":{"rendered":"https:\/\/ozince.com\/magaza\/kategorilenmemis\/win-0500607-hortum-enjektor-geri-donus-vivaro-a-movano-b-m9t-678-m9t-680-m9t-706-m9t-708\/"},"modified":"2026-04-08T08:12:39","modified_gmt":"2026-04-08T05:12:39","slug":"win-0500607-hortum-enjektor-geri-donus-vivaro-a-movano-b-m9t-678-m9t-680-m9t-706-m9t-708","status":"publish","type":"product","link":"https:\/\/ozince.com\/magaza\/motor-sogutma-ve-radyator-urunleri\/win-0500607-hortum-enjektor-geri-donus-vivaro-a-movano-b-m9t-678-m9t-680-m9t-706-m9t-708\/","title":{"rendered":"WIN-0500607 HORTUM ENJEKT\u00d6R GER\u0130 D\u00d6N\u00dc\u015e VIVARO A \/ MOVANO B M9T 678-M9T 680-M9T 706-M9T 708"},"content":{"rendered":"","protected":false},"excerpt":{"rendered":"","protected":false},"featured_media":15874,"template":"","meta":[],"product_brand":[423],"product_cat":[324],"product_tag":[378],"class_list":{"0":"post-9678","1":"product","2":"type-product","3":"status-publish","4":"has-post-thumbnail","6":"arac_markasi_modeli-opel","7":"arac_markasi_modeli-vivaro","8":"product_brand-wintech","9":"product_cat-motor-sogutma-ve-radyator-urunleri","10":"product_tag-altay","12":"first","13":"instock","14":"taxable","15":"shipping-taxable","16":"purchasable","17":"product-type-simple"},"jetpack_sharing_enabled":true,"_links":{"self":[{"href":"https:\/\/ozince.com\/magaza\/wp-json\/wp\/v2\/product\/9678","targetHints":{"allow":["GET"]}}],"collection":[{"href":"https:\/\/ozince.com\/magaza\/wp-json\/wp\/v2\/product"}],"about":[{"href":"https:\/\/ozince.com\/magaza\/wp-json\/wp\/v2\/types\/product"}],"wp:featuredmedia":[{"embeddable":true,"href":"https:\/\/ozince.com\/magaza\/wp-json\/wp\/v2\/media\/15874"}],"wp:attachment":[{"href":"https:\/\/ozince.com\/magaza\/wp-json\/wp\/v2\/media?parent=9678"}],"wp:term":[{"taxonomy":"product_brand","embeddable":true,"href":"https:\/\/ozince.com\/magaza\/wp-json\/wp\/v2\/product_brand?post=9678"},{"taxonomy":"product_cat","embeddable":true,"href":"https:\/\/ozince.com\/magaza\/wp-json\/wp\/v2\/product_cat?post=9678"},{"taxonomy":"product_tag","embeddable":true,"href":"https:\/\/ozince.com\/magaza\/wp-json\/wp\/v2\/product_tag?post=9678"}],"curies":[{"name":"wp","href":"https:\/\/api.w.org\/{rel}","templated":true}]}}