{"id":9673,"date":"2026-04-09T08:16:05","date_gmt":"2026-04-09T05:16:05","guid":{"rendered":"https:\/\/ozince.com\/magaza\/kategorilenmemis\/hel-5da193175-651-atesleme-bobini-astra-f-91-98-1-4-1-6-corsa-b-93-00-1-2-1-4-1-4-16v-1-6-16v-vectra-a-88-95-1-6-vectra-b-95-03-1-6-tempra-tipo-90-00-1-6-laguna-i-93-01-2-0-x14xe-c14nz-14n\/"},"modified":"2026-04-09T08:16:06","modified_gmt":"2026-04-09T05:16:06","slug":"hel-5da193175-651-atesleme-bobini-astra-f-91-98-1-4-1-6-corsa-b-93-00-1-2-1-4-1-4-16v-1-6-16v-vectra-a-88-95-1-6-vectra-b-95-03-1-6-tempra-tipo-90-00-1-6-laguna-i-93-01-2-0-x14xe-c14nz-14n","status":"publish","type":"product","link":"https:\/\/ozince.com\/magaza\/sensor-ve-elektrik-urunleri\/hel-5da193175-651-atesleme-bobini-astra-f-91-98-1-4-1-6-corsa-b-93-00-1-2-1-4-1-4-16v-1-6-16v-vectra-a-88-95-1-6-vectra-b-95-03-1-6-tempra-tipo-90-00-1-6-laguna-i-93-01-2-0-x14xe-c14nz-14n\/","title":{"rendered":"HEL-5DA193175-651 ATE\u015eLEME BOB\u0130N\u0130 ASTRA F 91-98 1.4-1.6 \/ CORSA B 93-00 1.2-1.4-1.4 16V-1.6 16V \/ VECTRA A 88-95 1.6 \/ VECTRA B 95-03 1.6 \/ TEMPRA-TIPO 90-00 1.6 \/ LAGUNA I 93-01 2.0 \/ X14XE-C14NZ-14NV-C14SE-14SE"},"content":{"rendered":"","protected":false},"excerpt":{"rendered":"","protected":false},"featured_media":12742,"template":"","meta":[],"product_brand":[199],"product_cat":[374],"product_tag":[378],"class_list":{"0":"post-9673","1":"product","2":"type-product","3":"status-publish","4":"has-post-thumbnail","6":"arac_markasi_modeli-astra-f","7":"arac_markasi_modeli-corsa-b","8":"arac_markasi_modeli-opel","9":"arac_markasi_modeli-vectra-a","10":"arac_markasi_modeli-vectra-b","11":"product_brand-hella","12":"product_cat-sensor-ve-elektrik-urunleri","13":"product_tag-altay","15":"first","16":"instock","17":"taxable","18":"shipping-taxable","19":"purchasable","20":"product-type-simple"},"jetpack_sharing_enabled":true,"_links":{"self":[{"href":"https:\/\/ozince.com\/magaza\/wp-json\/wp\/v2\/product\/9673","targetHints":{"allow":["GET"]}}],"collection":[{"href":"https:\/\/ozince.com\/magaza\/wp-json\/wp\/v2\/product"}],"about":[{"href":"https:\/\/ozince.com\/magaza\/wp-json\/wp\/v2\/types\/product"}],"wp:featuredmedia":[{"embeddable":true,"href":"https:\/\/ozince.com\/magaza\/wp-json\/wp\/v2\/media\/12742"}],"wp:attachment":[{"href":"https:\/\/ozince.com\/magaza\/wp-json\/wp\/v2\/media?parent=9673"}],"wp:term":[{"taxonomy":"product_brand","embeddable":true,"href":"https:\/\/ozince.com\/magaza\/wp-json\/wp\/v2\/product_brand?post=9673"},{"taxonomy":"product_cat","embeddable":true,"href":"https:\/\/ozince.com\/magaza\/wp-json\/wp\/v2\/product_cat?post=9673"},{"taxonomy":"product_tag","embeddable":true,"href":"https:\/\/ozince.com\/magaza\/wp-json\/wp\/v2\/product_tag?post=9673"}],"curies":[{"name":"wp","href":"https:\/\/api.w.org\/{rel}","templated":true}]}}