{"id":9670,"date":"2026-05-03T08:17:26","date_gmt":"2026-05-03T05:17:26","guid":{"rendered":"https:\/\/ozince.com\/magaza\/kategorilenmemis\/tyv-1401022-sis-lamba-kapagi-astra-j-12-on-sag-siyah\/"},"modified":"2026-05-03T08:17:26","modified_gmt":"2026-05-03T05:17:26","slug":"tyv-1401022-sis-lamba-kapagi-astra-j-12-on-sag-siyah","status":"publish","type":"product","link":"https:\/\/ozince.com\/magaza\/karoseri-ve-kaporta-urunleri\/tyv-1401022-sis-lamba-kapagi-astra-j-12-on-sag-siyah\/","title":{"rendered":"TYV-1401022 S\u0130S LAMBA KAPA\u011eI ASTRA J 12= \u00d6N SA\u011e S\u0130YAH"},"content":{"rendered":"","protected":false},"excerpt":{"rendered":"","protected":false},"featured_media":15661,"template":"","meta":[],"product_brand":[427],"product_cat":[351],"product_tag":[378],"class_list":{"0":"post-9670","1":"product","2":"type-product","3":"status-publish","4":"has-post-thumbnail","6":"arac_markasi_modeli-astra-j","7":"arac_markasi_modeli-opel","8":"product_brand-taiwan","9":"product_cat-karoseri-ve-kaporta-urunleri","10":"product_tag-altay","12":"first","13":"instock","14":"taxable","15":"shipping-taxable","16":"purchasable","17":"product-type-simple"},"jetpack_sharing_enabled":true,"_links":{"self":[{"href":"https:\/\/ozince.com\/magaza\/wp-json\/wp\/v2\/product\/9670","targetHints":{"allow":["GET"]}}],"collection":[{"href":"https:\/\/ozince.com\/magaza\/wp-json\/wp\/v2\/product"}],"about":[{"href":"https:\/\/ozince.com\/magaza\/wp-json\/wp\/v2\/types\/product"}],"wp:featuredmedia":[{"embeddable":true,"href":"https:\/\/ozince.com\/magaza\/wp-json\/wp\/v2\/media\/15661"}],"wp:attachment":[{"href":"https:\/\/ozince.com\/magaza\/wp-json\/wp\/v2\/media?parent=9670"}],"wp:term":[{"taxonomy":"product_brand","embeddable":true,"href":"https:\/\/ozince.com\/magaza\/wp-json\/wp\/v2\/product_brand?post=9670"},{"taxonomy":"product_cat","embeddable":true,"href":"https:\/\/ozince.com\/magaza\/wp-json\/wp\/v2\/product_cat?post=9670"},{"taxonomy":"product_tag","embeddable":true,"href":"https:\/\/ozince.com\/magaza\/wp-json\/wp\/v2\/product_tag?post=9670"}],"curies":[{"name":"wp","href":"https:\/\/api.w.org\/{rel}","templated":true}]}}