{"id":9666,"date":"2026-04-30T08:20:00","date_gmt":"2026-04-30T05:20:00","guid":{"rendered":"https:\/\/ozince.com\/magaza\/kategorilenmemis\/uce-91106-aks-korugu-ic-astra-j-meriva-1-3\/"},"modified":"2026-04-30T08:20:05","modified_gmt":"2026-04-30T05:20:05","slug":"uce-91106-aks-korugu-ic-astra-j-meriva-1-3","status":"publish","type":"product","link":"https:\/\/ozince.com\/magaza\/aks-urunleri\/uce-91106-aks-korugu-ic-astra-j-meriva-1-3\/","title":{"rendered":"UCE-91106 AKS K\u00d6R\u00dc\u011e\u00dc \u0130\u00c7 ASTRA J \/ MER\u0130VA 1.3"},"content":{"rendered":"","protected":false},"excerpt":{"rendered":"","protected":false},"featured_media":15756,"template":"","meta":[],"product_brand":[414],"product_cat":[379],"product_tag":[378],"class_list":{"0":"post-9666","1":"product","2":"type-product","3":"status-publish","4":"has-post-thumbnail","6":"arac_markasi_modeli-astra-j","7":"arac_markasi_modeli-meriva","8":"arac_markasi_modeli-opel","9":"product_brand-ucel","10":"product_cat-aks-urunleri","11":"product_tag-altay","13":"first","14":"instock","15":"taxable","16":"shipping-taxable","17":"purchasable","18":"product-type-simple"},"jetpack_sharing_enabled":true,"_links":{"self":[{"href":"https:\/\/ozince.com\/magaza\/wp-json\/wp\/v2\/product\/9666","targetHints":{"allow":["GET"]}}],"collection":[{"href":"https:\/\/ozince.com\/magaza\/wp-json\/wp\/v2\/product"}],"about":[{"href":"https:\/\/ozince.com\/magaza\/wp-json\/wp\/v2\/types\/product"}],"wp:featuredmedia":[{"embeddable":true,"href":"https:\/\/ozince.com\/magaza\/wp-json\/wp\/v2\/media\/15756"}],"wp:attachment":[{"href":"https:\/\/ozince.com\/magaza\/wp-json\/wp\/v2\/media?parent=9666"}],"wp:term":[{"taxonomy":"product_brand","embeddable":true,"href":"https:\/\/ozince.com\/magaza\/wp-json\/wp\/v2\/product_brand?post=9666"},{"taxonomy":"product_cat","embeddable":true,"href":"https:\/\/ozince.com\/magaza\/wp-json\/wp\/v2\/product_cat?post=9666"},{"taxonomy":"product_tag","embeddable":true,"href":"https:\/\/ozince.com\/magaza\/wp-json\/wp\/v2\/product_tag?post=9666"}],"curies":[{"name":"wp","href":"https:\/\/api.w.org\/{rel}","templated":true}]}}