{"id":9659,"date":"2026-04-07T08:16:59","date_gmt":"2026-04-07T05:16:59","guid":{"rendered":"https:\/\/ozince.com\/magaza\/kategorilenmemis\/elr-076-892-silindir-kapak-conta-astra-h-astra-j-insignia-mokka-zafira-vectra-c-a16xer-a16net-z18xer\/"},"modified":"2026-04-07T08:17:01","modified_gmt":"2026-04-07T05:17:01","slug":"elr-076-892-silindir-kapak-conta-astra-h-astra-j-insignia-mokka-zafira-vectra-c-a16xer-a16net-z18xer","status":"publish","type":"product","link":"https:\/\/ozince.com\/magaza\/motor-mekanik-urunleri\/elr-076-892-silindir-kapak-conta-astra-h-astra-j-insignia-mokka-zafira-vectra-c-a16xer-a16net-z18xer\/","title":{"rendered":"ELR-076.892 S\u0130L\u0130ND\u0130R KAPAK CONTA ASTRA H \/ ASTRA J \/ INSIGNIA \/ MOKKA \/ ZAF\u0130RA \/ VECTRA C A16XER-A16NET-Z18XER"},"content":{"rendered":"","protected":false},"excerpt":{"rendered":"","protected":false},"featured_media":14535,"template":"","meta":[],"product_brand":[421],"product_cat":[298],"product_tag":[378],"class_list":{"0":"post-9659","1":"product","2":"type-product","3":"status-publish","4":"has-post-thumbnail","6":"arac_markasi_modeli-astra-h","7":"arac_markasi_modeli-astra-j","8":"arac_markasi_modeli-mokka","9":"arac_markasi_modeli-opel","10":"arac_markasi_modeli-vectra-c","11":"product_brand-elring","12":"product_cat-motor-mekanik-urunleri","13":"product_tag-altay","15":"first","16":"instock","17":"taxable","18":"shipping-taxable","19":"purchasable","20":"product-type-simple"},"jetpack_sharing_enabled":true,"_links":{"self":[{"href":"https:\/\/ozince.com\/magaza\/wp-json\/wp\/v2\/product\/9659","targetHints":{"allow":["GET"]}}],"collection":[{"href":"https:\/\/ozince.com\/magaza\/wp-json\/wp\/v2\/product"}],"about":[{"href":"https:\/\/ozince.com\/magaza\/wp-json\/wp\/v2\/types\/product"}],"wp:featuredmedia":[{"embeddable":true,"href":"https:\/\/ozince.com\/magaza\/wp-json\/wp\/v2\/media\/14535"}],"wp:attachment":[{"href":"https:\/\/ozince.com\/magaza\/wp-json\/wp\/v2\/media?parent=9659"}],"wp:term":[{"taxonomy":"product_brand","embeddable":true,"href":"https:\/\/ozince.com\/magaza\/wp-json\/wp\/v2\/product_brand?post=9659"},{"taxonomy":"product_cat","embeddable":true,"href":"https:\/\/ozince.com\/magaza\/wp-json\/wp\/v2\/product_cat?post=9659"},{"taxonomy":"product_tag","embeddable":true,"href":"https:\/\/ozince.com\/magaza\/wp-json\/wp\/v2\/product_tag?post=9659"}],"curies":[{"name":"wp","href":"https:\/\/api.w.org\/{rel}","templated":true}]}}