{"id":9657,"date":"2026-04-07T08:16:59","date_gmt":"2026-04-07T05:16:59","guid":{"rendered":"https:\/\/ozince.com\/magaza\/kategorilenmemis\/del-fg2399-12b1-yakit-pompasi-benzinli-komple-meriva-z14xep-z16xep\/"},"modified":"2026-04-07T08:17:00","modified_gmt":"2026-04-07T05:17:00","slug":"del-fg2399-12b1-yakit-pompasi-benzinli-komple-meriva-z14xep-z16xep","status":"publish","type":"product","link":"https:\/\/ozince.com\/magaza\/yakit-urunleri\/del-fg2399-12b1-yakit-pompasi-benzinli-komple-meriva-z14xep-z16xep\/","title":{"rendered":"DEL-FG2399-12B1 YAKIT POMPASI BENZ\u0130NL\u0130 (KOMPLE) MER\u0130VA Z14XEP-Z16XEP"},"content":{"rendered":"","protected":false},"excerpt":{"rendered":"","protected":false},"featured_media":13323,"template":"","meta":[],"product_brand":[236],"product_cat":[408],"product_tag":[378],"class_list":{"0":"post-9657","1":"product","2":"type-product","3":"status-publish","4":"has-post-thumbnail","6":"arac_markasi_modeli-meriva","7":"arac_markasi_modeli-opel","8":"product_brand-delphi","9":"product_cat-yakit-urunleri","10":"product_tag-altay","12":"first","13":"instock","14":"taxable","15":"shipping-taxable","16":"purchasable","17":"product-type-simple"},"jetpack_sharing_enabled":true,"_links":{"self":[{"href":"https:\/\/ozince.com\/magaza\/wp-json\/wp\/v2\/product\/9657","targetHints":{"allow":["GET"]}}],"collection":[{"href":"https:\/\/ozince.com\/magaza\/wp-json\/wp\/v2\/product"}],"about":[{"href":"https:\/\/ozince.com\/magaza\/wp-json\/wp\/v2\/types\/product"}],"wp:featuredmedia":[{"embeddable":true,"href":"https:\/\/ozince.com\/magaza\/wp-json\/wp\/v2\/media\/13323"}],"wp:attachment":[{"href":"https:\/\/ozince.com\/magaza\/wp-json\/wp\/v2\/media?parent=9657"}],"wp:term":[{"taxonomy":"product_brand","embeddable":true,"href":"https:\/\/ozince.com\/magaza\/wp-json\/wp\/v2\/product_brand?post=9657"},{"taxonomy":"product_cat","embeddable":true,"href":"https:\/\/ozince.com\/magaza\/wp-json\/wp\/v2\/product_cat?post=9657"},{"taxonomy":"product_tag","embeddable":true,"href":"https:\/\/ozince.com\/magaza\/wp-json\/wp\/v2\/product_tag?post=9657"}],"curies":[{"name":"wp","href":"https:\/\/api.w.org\/{rel}","templated":true}]}}