{"id":9644,"date":"2026-04-29T08:20:13","date_gmt":"2026-04-29T05:20:13","guid":{"rendered":"https:\/\/ozince.com\/magaza\/kategorilenmemis\/ytt-1730-dis-dikiz-ayna-ic-ucgen-klipsi-astra-f-vectra-a-vectra-b\/"},"modified":"2026-04-29T08:20:14","modified_gmt":"2026-04-29T05:20:14","slug":"ytt-1730-dis-dikiz-ayna-ic-ucgen-klipsi-astra-f-vectra-a-vectra-b","status":"publish","type":"product","link":"https:\/\/ozince.com\/magaza\/karoseri-ve-kaporta-urunleri\/ytt-1730-dis-dikiz-ayna-ic-ucgen-klipsi-astra-f-vectra-a-vectra-b\/","title":{"rendered":"YTT-1730 DI\u015e D\u0130K\u0130Z AYNA \u0130\u00c7 \u00dc\u00c7GEN KL\u0130PS\u0130 ASTRA F \/ VECTRA A \/ VECTRA B"},"content":{"rendered":"","protected":false},"excerpt":{"rendered":"","protected":false},"featured_media":0,"template":"","meta":[],"product_brand":[413],"product_cat":[351],"product_tag":[378],"class_list":{"0":"post-9644","1":"product","2":"type-product","3":"status-publish","5":"arac_markasi_modeli-astra-f","6":"arac_markasi_modeli-opel","7":"arac_markasi_modeli-vectra-a","8":"arac_markasi_modeli-vectra-b","9":"product_brand-ytt","10":"product_cat-karoseri-ve-kaporta-urunleri","11":"product_tag-altay","13":"first","14":"instock","15":"taxable","16":"shipping-taxable","17":"purchasable","18":"product-type-simple"},"jetpack_sharing_enabled":true,"_links":{"self":[{"href":"https:\/\/ozince.com\/magaza\/wp-json\/wp\/v2\/product\/9644","targetHints":{"allow":["GET"]}}],"collection":[{"href":"https:\/\/ozince.com\/magaza\/wp-json\/wp\/v2\/product"}],"about":[{"href":"https:\/\/ozince.com\/magaza\/wp-json\/wp\/v2\/types\/product"}],"wp:attachment":[{"href":"https:\/\/ozince.com\/magaza\/wp-json\/wp\/v2\/media?parent=9644"}],"wp:term":[{"taxonomy":"product_brand","embeddable":true,"href":"https:\/\/ozince.com\/magaza\/wp-json\/wp\/v2\/product_brand?post=9644"},{"taxonomy":"product_cat","embeddable":true,"href":"https:\/\/ozince.com\/magaza\/wp-json\/wp\/v2\/product_cat?post=9644"},{"taxonomy":"product_tag","embeddable":true,"href":"https:\/\/ozince.com\/magaza\/wp-json\/wp\/v2\/product_tag?post=9644"}],"curies":[{"name":"wp","href":"https:\/\/api.w.org\/{rel}","templated":true}]}}