{"id":9639,"date":"2026-04-30T08:19:54","date_gmt":"2026-04-30T05:19:54","guid":{"rendered":"https:\/\/ozince.com\/magaza\/kategorilenmemis\/fae-12436-musur-yag-astra-g-h-j-corsa-d-insignia-mokka-93-1-2-1-4-siyah-055-bar\/"},"modified":"2026-04-30T08:19:55","modified_gmt":"2026-04-30T05:19:55","slug":"fae-12436-musur-yag-astra-g-h-j-corsa-d-insignia-mokka-93-1-2-1-4-siyah-055-bar","status":"publish","type":"product","link":"https:\/\/ozince.com\/magaza\/sensor-ve-elektrik-urunleri\/fae-12436-musur-yag-astra-g-h-j-corsa-d-insignia-mokka-93-1-2-1-4-siyah-055-bar\/","title":{"rendered":"FAE-12436 M\u00dc\u015e\u00dcR YA\u011e ASTRA G \/ H \/ J CORSA D \/ INSIGNIA \/ MOKKA 93= 1.2-1.4 S\u0130YAH 0,55 BAR"},"content":{"rendered":"","protected":false},"excerpt":{"rendered":"","protected":false},"featured_media":12727,"template":"","meta":[],"product_brand":[428],"product_cat":[374],"product_tag":[378],"class_list":{"0":"post-9639","1":"product","2":"type-product","3":"status-publish","4":"has-post-thumbnail","6":"arac_markasi_modeli-astra-g","7":"arac_markasi_modeli-corsa-d","8":"arac_markasi_modeli-mokka","9":"arac_markasi_modeli-opel","10":"product_brand-fae","11":"product_cat-sensor-ve-elektrik-urunleri","12":"product_tag-altay","14":"first","15":"outofstock","16":"taxable","17":"shipping-taxable","18":"purchasable","19":"product-type-simple"},"jetpack_sharing_enabled":true,"_links":{"self":[{"href":"https:\/\/ozince.com\/magaza\/wp-json\/wp\/v2\/product\/9639","targetHints":{"allow":["GET"]}}],"collection":[{"href":"https:\/\/ozince.com\/magaza\/wp-json\/wp\/v2\/product"}],"about":[{"href":"https:\/\/ozince.com\/magaza\/wp-json\/wp\/v2\/types\/product"}],"wp:featuredmedia":[{"embeddable":true,"href":"https:\/\/ozince.com\/magaza\/wp-json\/wp\/v2\/media\/12727"}],"wp:attachment":[{"href":"https:\/\/ozince.com\/magaza\/wp-json\/wp\/v2\/media?parent=9639"}],"wp:term":[{"taxonomy":"product_brand","embeddable":true,"href":"https:\/\/ozince.com\/magaza\/wp-json\/wp\/v2\/product_brand?post=9639"},{"taxonomy":"product_cat","embeddable":true,"href":"https:\/\/ozince.com\/magaza\/wp-json\/wp\/v2\/product_cat?post=9639"},{"taxonomy":"product_tag","embeddable":true,"href":"https:\/\/ozince.com\/magaza\/wp-json\/wp\/v2\/product_tag?post=9639"}],"curies":[{"name":"wp","href":"https:\/\/api.w.org\/{rel}","templated":true}]}}