{"id":9619,"date":"2026-04-07T08:16:51","date_gmt":"2026-04-07T05:16:51","guid":{"rendered":"https:\/\/ozince.com\/magaza\/kategorilenmemis\/ufi-55-114-00-yakit-filtresi-komple-mazot-combo-c-corsa-c-z13cdti-oem-orijinal-equipment-manufacturer\/"},"modified":"2026-04-07T08:16:51","modified_gmt":"2026-04-07T05:16:51","slug":"ufi-55-114-00-yakit-filtresi-komple-mazot-combo-c-corsa-c-z13cdti-oem-orijinal-equipment-manufacturer","status":"publish","type":"product","link":"https:\/\/ozince.com\/magaza\/periyodik-bakim-ve-filtre-urunleri\/ufi-55-114-00-yakit-filtresi-komple-mazot-combo-c-corsa-c-z13cdti-oem-orijinal-equipment-manufacturer\/","title":{"rendered":"UFI-55.114.00 YAKIT FILTRESI KOMPLE (MAZOT) COMBO C \/ CORSA C Z13CDTI OEM (OR\u0130J\u0130NAL EQU\u0130PMENT MANUFACTURER)"},"content":{"rendered":"","protected":false},"excerpt":{"rendered":"","protected":false},"featured_media":13216,"template":"","meta":[],"product_brand":[442],"product_cat":[352],"product_tag":[378],"class_list":{"0":"post-9619","1":"product","2":"type-product","3":"status-publish","4":"has-post-thumbnail","6":"arac_markasi_modeli-combo-c","7":"arac_markasi_modeli-corsa-c","8":"arac_markasi_modeli-opel","9":"product_brand-ufi","10":"product_cat-periyodik-bakim-ve-filtre-urunleri","11":"product_tag-altay","13":"first","14":"outofstock","15":"taxable","16":"shipping-taxable","17":"purchasable","18":"product-type-simple"},"jetpack_sharing_enabled":true,"_links":{"self":[{"href":"https:\/\/ozince.com\/magaza\/wp-json\/wp\/v2\/product\/9619","targetHints":{"allow":["GET"]}}],"collection":[{"href":"https:\/\/ozince.com\/magaza\/wp-json\/wp\/v2\/product"}],"about":[{"href":"https:\/\/ozince.com\/magaza\/wp-json\/wp\/v2\/types\/product"}],"wp:featuredmedia":[{"embeddable":true,"href":"https:\/\/ozince.com\/magaza\/wp-json\/wp\/v2\/media\/13216"}],"wp:attachment":[{"href":"https:\/\/ozince.com\/magaza\/wp-json\/wp\/v2\/media?parent=9619"}],"wp:term":[{"taxonomy":"product_brand","embeddable":true,"href":"https:\/\/ozince.com\/magaza\/wp-json\/wp\/v2\/product_brand?post=9619"},{"taxonomy":"product_cat","embeddable":true,"href":"https:\/\/ozince.com\/magaza\/wp-json\/wp\/v2\/product_cat?post=9619"},{"taxonomy":"product_tag","embeddable":true,"href":"https:\/\/ozince.com\/magaza\/wp-json\/wp\/v2\/product_tag?post=9619"}],"curies":[{"name":"wp","href":"https:\/\/api.w.org\/{rel}","templated":true}]}}