{"id":9605,"date":"2025-10-14T14:08:44","date_gmt":"2025-10-14T11:08:44","guid":{"rendered":"https:\/\/ozince.com\/magaza\/kategorilenmemis\/mnd-mmf045146-yag-filtresi-astra-h-vectra-c-01-1-6-16v_\/"},"modified":"2025-10-14T14:08:48","modified_gmt":"2025-10-14T11:08:48","slug":"mnd-mmf045146-yag-filtresi-astra-h-vectra-c-01-1-6-16v_","status":"publish","type":"product","link":"https:\/\/ozince.com\/magaza\/periyodik-bakim-ve-filtre-urunleri\/mnd-mmf045146-yag-filtresi-astra-h-vectra-c-01-1-6-16v_\/","title":{"rendered":"MND-MMF045146 YA\u011e F\u0130LTRES\u0130 ASTRA H \/ VECTRA C 01= 1.6 16V_"},"content":{"rendered":"","protected":false},"excerpt":{"rendered":"","protected":false},"featured_media":0,"template":"","meta":[],"product_brand":[434],"product_cat":[352],"product_tag":[378],"class_list":{"0":"post-9605","1":"product","2":"type-product","3":"status-publish","5":"arac_markasi_modeli-astra-h","6":"arac_markasi_modeli-opel","7":"arac_markasi_modeli-vectra-c","8":"product_brand-mando","9":"product_cat-periyodik-bakim-ve-filtre-urunleri","10":"product_tag-altay","12":"first","13":"outofstock","14":"taxable","15":"shipping-taxable","16":"purchasable","17":"product-type-simple"},"jetpack_sharing_enabled":true,"_links":{"self":[{"href":"https:\/\/ozince.com\/magaza\/wp-json\/wp\/v2\/product\/9605","targetHints":{"allow":["GET"]}}],"collection":[{"href":"https:\/\/ozince.com\/magaza\/wp-json\/wp\/v2\/product"}],"about":[{"href":"https:\/\/ozince.com\/magaza\/wp-json\/wp\/v2\/types\/product"}],"wp:attachment":[{"href":"https:\/\/ozince.com\/magaza\/wp-json\/wp\/v2\/media?parent=9605"}],"wp:term":[{"taxonomy":"product_brand","embeddable":true,"href":"https:\/\/ozince.com\/magaza\/wp-json\/wp\/v2\/product_brand?post=9605"},{"taxonomy":"product_cat","embeddable":true,"href":"https:\/\/ozince.com\/magaza\/wp-json\/wp\/v2\/product_cat?post=9605"},{"taxonomy":"product_tag","embeddable":true,"href":"https:\/\/ozince.com\/magaza\/wp-json\/wp\/v2\/product_tag?post=9605"}],"curies":[{"name":"wp","href":"https:\/\/api.w.org\/{rel}","templated":true}]}}