{"id":9562,"date":"2026-04-12T08:14:18","date_gmt":"2026-04-12T05:14:18","guid":{"rendered":"https:\/\/ozince.com\/magaza\/kategorilenmemis\/win-0500619-hortum-enjektor-geri-donus-astra-h-1-9-cdti-astra-j-2-0-cdti-05-10\/"},"modified":"2026-04-12T08:14:18","modified_gmt":"2026-04-12T05:14:18","slug":"win-0500619-hortum-enjektor-geri-donus-astra-h-1-9-cdti-astra-j-2-0-cdti-05-10","status":"publish","type":"product","link":"https:\/\/ozince.com\/magaza\/motor-sogutma-ve-radyator-urunleri\/win-0500619-hortum-enjektor-geri-donus-astra-h-1-9-cdti-astra-j-2-0-cdti-05-10\/","title":{"rendered":"WIN-0500619 HORTUM ENJEKT\u00d6R GER\u0130 D\u00d6N\u00dc\u015e ASTRA H 1.9 CDTI \/ ASTRA J 2.0 CDTI 05-10"},"content":{"rendered":"","protected":false},"excerpt":{"rendered":"","protected":false},"featured_media":15882,"template":"","meta":[],"product_brand":[423],"product_cat":[324],"product_tag":[378],"class_list":{"0":"post-9562","1":"product","2":"type-product","3":"status-publish","4":"has-post-thumbnail","6":"arac_markasi_modeli-astra-h","7":"arac_markasi_modeli-astra-j","8":"arac_markasi_modeli-opel","9":"product_brand-wintech","10":"product_cat-motor-sogutma-ve-radyator-urunleri","11":"product_tag-altay","13":"first","14":"outofstock","15":"taxable","16":"shipping-taxable","17":"purchasable","18":"product-type-simple"},"jetpack_sharing_enabled":true,"_links":{"self":[{"href":"https:\/\/ozince.com\/magaza\/wp-json\/wp\/v2\/product\/9562","targetHints":{"allow":["GET"]}}],"collection":[{"href":"https:\/\/ozince.com\/magaza\/wp-json\/wp\/v2\/product"}],"about":[{"href":"https:\/\/ozince.com\/magaza\/wp-json\/wp\/v2\/types\/product"}],"wp:featuredmedia":[{"embeddable":true,"href":"https:\/\/ozince.com\/magaza\/wp-json\/wp\/v2\/media\/15882"}],"wp:attachment":[{"href":"https:\/\/ozince.com\/magaza\/wp-json\/wp\/v2\/media?parent=9562"}],"wp:term":[{"taxonomy":"product_brand","embeddable":true,"href":"https:\/\/ozince.com\/magaza\/wp-json\/wp\/v2\/product_brand?post=9562"},{"taxonomy":"product_cat","embeddable":true,"href":"https:\/\/ozince.com\/magaza\/wp-json\/wp\/v2\/product_cat?post=9562"},{"taxonomy":"product_tag","embeddable":true,"href":"https:\/\/ozince.com\/magaza\/wp-json\/wp\/v2\/product_tag?post=9562"}],"curies":[{"name":"wp","href":"https:\/\/api.w.org\/{rel}","templated":true}]}}